{"id":71,"date":"2024-05-02T12:36:23","date_gmt":"2024-05-02T15:36:23","guid":{"rendered":"https:\/\/rosstylepro.com\/?page_id=71"},"modified":"2025-01-17T16:25:36","modified_gmt":"2025-01-17T16:25:36","slug":"sobre-nosotros","status":"publish","type":"page","link":"https:\/\/rosstylepro.com\/sk\/sobre-nosotros\/","title":{"rendered":"O n\u00e1s"},"content":{"rendered":"<p><br>Vitajte v Rosstylepro, digit\u00e1lnom priestore navrhnutom na oslavu zvedavosti, objavovanie inov\u00e1ci\u00ed a zdie\u013eanie jedine\u010dn\u00fdch z\u00e1\u017eitkov v rozsiahlom svete technol\u00f3gi\u00ed a z\u00e1bavy. Spolo\u010dnos\u0165 Rosstylepro, ktor\u00fa zalo\u017eili Kirito a New spolu s t\u00edmom viac ako 10 oddan\u00fdch spolupracovn\u00edkov, vznikla z potreby vyjadrenia a v\u00e1\u0161ne pre objavovanie nov\u00fdch horizontov na priese\u010dn\u00edku technol\u00f3gi\u00ed a pohlcuj\u00faceho rozpr\u00e1vania pr\u00edbehov.<\/p>\n\n\n\n<h3 class=\"wp-block-heading\">Na\u0161a hist\u00f3ria a cie\u013e<\/h3>\n\n\n\n<p>V\u0161etko sa to za\u010dalo jednoduchou my\u0161lienkou poskytn\u00fa\u0165 platformu, kde by mohla prekvita\u0165 zvedavos\u0165. Postupom \u010dasu sme si uvedomili, \u017ee nejde len o prezent\u00e1ciu aplik\u00e1ci\u00ed alebo technol\u00f3gi\u00ed, ale o rozpr\u00e1vanie p\u00fatav\u00fdch pr\u00edbehov, ktor\u00e9 by in\u0161pirovali na\u0161ich \u010ditate\u013eov. Takto vzniklo na\u0161e poslanie: rozpr\u00e1va\u0165 pr\u00edbehy, prezentova\u0165 inov\u00e1cie a zdie\u013ea\u0165 zmyslupln\u00e9 sk\u00fasenosti so \u017eivou a anga\u017eovanou komunitou.<\/p>\n\n\n\n<h3 class=\"wp-block-heading\">Du\u0161a Rosstylepro: Na\u0161a komunita<\/h3>\n\n\n\n<p>Uvedomujeme si, \u017ee Rosstylepro by bez na\u0161ej komunity nebol t\u00fdm, \u010d\u00edm je. V\u00e1\u017eime si ka\u017ed\u00e9ho \u010dlena a sna\u017e\u00edme sa vytvori\u0165 inkluz\u00edvne a kolaborat\u00edvne prostredie, kde si ka\u017ed\u00fd m\u00f4\u017ee vymie\u0148a\u0165 n\u00e1pady, n\u00e1zory a objavy. Neust\u00e1la interakcia s na\u0161ou komunitou n\u00e1m pom\u00e1ha udr\u017eiava\u0165 relevantnos\u0165 a kvalitu obsahu, ktor\u00fd pon\u00fakame.<\/p>\n\n\n\n<h3 class=\"wp-block-heading\">Objavovanie nov\u00fdch horizontov: Technol\u00f3gia a z\u00e1bava<\/h3>\n\n\n\n<p>S rastom Rosstylepro sa sna\u017e\u00edme pozit\u00edvne ovplyv\u0148ova\u0165 aj technologick\u00fd a z\u00e1bavn\u00fd priemysel. Neust\u00e1le h\u013ead\u00e1me nov\u00e9 sp\u00f4soby, ako prezentova\u0165 inovat\u00edvny a in\u0161pirat\u00edvny obsah a z\u00e1rove\u0148 podporova\u0165 v\u00fdvoj aplik\u00e1ci\u00ed a technol\u00f3gi\u00ed, ktor\u00e9 zlep\u0161uj\u00fa \u017eivoty \u013eud\u00ed.<\/p>\n\n\n\n<h3 class=\"wp-block-heading\">N\u00e1\u0161 z\u00e1v\u00e4zok ku kvalite<\/h3>\n\n\n\n<p>V Rosstylepro je kvalita prvorad\u00e1. Aby sme zabezpe\u010dili excelentnos\u0165 n\u00e1\u0161ho obsahu, m\u00e1me t\u00edm oddan\u00fdch a sk\u00fasen\u00fdch prispievate\u013eov. Rob\u00edme rozsiahly v\u00fdskum a uv\u00e1dzame iba to, \u010do skuto\u010dne pou\u017e\u00edvame a o \u010dom ver\u00edme, \u017ee je relevantn\u00e9 a u\u017eito\u010dn\u00e9 pre na\u0161u komunitu.<\/p>\n\n\n\n<h3 class=\"wp-block-heading\">\u010co n\u00e1jdete na Rosstylepro<\/h3>\n\n\n\n<p>Na na\u0161ej str\u00e1nke pon\u00fakame \u0161irok\u00fa \u0161k\u00e1lu obsahu pre v\u0161etky z\u00e1ujmy. Od podrobn\u00fdch recenzi\u00ed aplik\u00e1ci\u00ed a\u017e po technick\u00e9 zauj\u00edmavosti, na\u0161\u00edm cie\u013eom je poskytn\u00fa\u0165 komplexn\u00fd z\u00e1\u017eitok, ktor\u00fd presahuje r\u00e1mec jednoduch\u00fdch technick\u00fdch inform\u00e1ci\u00ed. Ka\u017ed\u00fd \u010dl\u00e1nok alebo anal\u00fdza je sprev\u00e1dzan\u00e1 pohlcuj\u00facim rozpr\u00e1van\u00edm, aby bol z\u00e1\u017eitok z \u010d\u00edtania e\u0161te p\u00fatavej\u0161\u00ed.<\/p>\n\n\n\n<h3 class=\"wp-block-heading\">Z\u00e1bava a znalosti na jednom mieste<\/h3>\n\n\n\n<p>Ver\u00edme, \u017ee z\u00e1bava a vedomosti m\u00f4\u017eu v Rosstylepro \u00eds\u0165 ruka v ruke. Preto okrem technick\u00fdch anal\u00fdz a inform\u00e1ci\u00ed pon\u00fakame aj obsah zameran\u00fd na z\u00e1bavu a \u013eudsk\u00fa str\u00e1nku technol\u00f3gi\u00ed. Chceme in\u0161pirova\u0165, informova\u0165 a zab\u00e1va\u0165 na\u0161ich \u010ditate\u013eov v\u0161etk\u00fdmi mo\u017en\u00fdmi sp\u00f4sobmi.<\/p>\n\n\n\n<h3 class=\"wp-block-heading\">Bud\u00facnos\u0165 Rosstylepro<\/h3>\n\n\n\n<p>Bud\u00facnos\u0165 Rosstylepro je vzru\u0161uj\u00faca a pln\u00e1 mo\u017enost\u00ed. Neust\u00e1le h\u013ead\u00e1me nov\u00e9 sp\u00f4soby, ako inovova\u0165 a poskytova\u0165 e\u0161te lep\u0161\u00ed z\u00e1\u017eitok pre na\u0161u komunitu. Pl\u00e1nujeme roz\u0161\u00edri\u0165 n\u00e1\u0161 obsah, presk\u00fama\u0165 nov\u00e9 t\u00e9my a zosta\u0165 d\u00f4veryhodn\u00fdm zdrojom inform\u00e1ci\u00ed a z\u00e1bavy pre v\u0161etk\u00fdch technick\u00fdch nad\u0161encov.<\/p>\n\n\n\n<h3 class=\"wp-block-heading\">Kontaktujte n\u00e1s a pridajte sa k dobrodru\u017estvu<\/h3>\n\n\n\n<p>Ve\u013emi si cen\u00edme koment\u00e1re, n\u00e1vrhy a n\u00e1pady od na\u0161ej komunity. Ak m\u00e1te ak\u00e9ko\u013evek ot\u00e1zky, pripomienky alebo by ste sa s nami chceli podeli\u0165 o svoje sk\u00fasenosti, nev\u00e1hajte n\u00e1s kontaktova\u0165. V\u00e1\u0161 n\u00e1zor je pre n\u00e1s k\u013e\u00fa\u010dov\u00fd!<\/p>\n\n\n\n<p>\u010eakujeme, \u017ee ste s\u00fa\u010das\u0165ou dobrodru\u017estva Rosstylepro. Spolo\u010dne objavujeme nov\u00e9 horizonty, oslavujeme zvedavos\u0165 a inov\u00e1cie a na\u010falej sa navz\u00e1jom in\u0161pirujeme na tejto vzru\u0161uj\u00facej technologickej a \u013eudskej ceste.<\/p>","protected":false},"excerpt":{"rendered":"<p>Vitajte v Rosstylepro, digit\u00e1lnom priestore navrhnutom na oslavu zvedavosti, objavovanie inov\u00e1ci\u00ed a zdie\u013eanie jedine\u010dn\u00fdch z\u00e1\u017eitkov v rozsiahlom svete technol\u00f3gi\u00ed a z\u00e1bavy. Rosstylepro, zalo\u017een\u00fd Kiritom a Newom spolu s t\u00edmom viac ako 10 oddan\u00fdch spolupracovn\u00edkov, vznikol z potreby vyjadrenia a v\u00e1\u0161ne pre [\u2026]<\/p>","protected":false},"author":38,"featured_media":0,"parent":0,"menu_order":0,"comment_status":"closed","ping_status":"closed","template":"page-nosidebar.php","meta":{"footnotes":""},"yoast_head":"<!-- This site is optimized with the Yoast SEO plugin v23.3 - https:\/\/yoast.com\/wordpress\/plugins\/seo\/ -->\n<title>Sobre Nosotros - RosstylePRO<\/title>\n<meta name=\"robots\" content=\"index, follow, max-snippet:-1, max-image-preview:large, max-video-preview:-1\" \/>\n<link rel=\"canonical\" href=\"https:\/\/rosstylepro.com\/sk\/sobre-nosotros\/\" \/>\n<meta property=\"og:locale\" content=\"sk_SK\" \/>\n<meta property=\"og:type\" content=\"article\" \/>\n<meta property=\"og:title\" content=\"Sobre Nosotros - RosstylePRO\" \/>\n<meta property=\"og:description\" content=\"Bienvenidos a Rosstylepro, un espacio digital dise\u00f1ado para celebrar la curiosidad, explorar la innovaci\u00f3n y compartir experiencias \u00fanicas en el vasto mundo de la tecnolog\u00eda y el entretenimiento. Fundado por Kirito y New, junto con un equipo de m\u00e1s de 10 colaboradores dedicados, Rosstylepro surgi\u00f3 de la necesidad de expresi\u00f3n y de la pasi\u00f3n por [&hellip;]\" \/>\n<meta property=\"og:url\" content=\"https:\/\/rosstylepro.com\/sk\/sobre-nosotros\/\" \/>\n<meta property=\"og:site_name\" content=\"RosstylePRO\" \/>\n<meta property=\"article:modified_time\" content=\"2025-01-17T16:25:36+00:00\" \/>\n<meta name=\"twitter:card\" content=\"summary_large_image\" \/>\n<meta name=\"twitter:label1\" content=\"Est. reading time\" \/>\n\t<meta name=\"twitter:data1\" content=\"3 min\u00faty\" \/>\n<script type=\"application\/ld+json\" class=\"yoast-schema-graph\">{\"@context\":\"https:\/\/schema.org\",\"@graph\":[{\"@type\":\"WebPage\",\"@id\":\"https:\/\/rosstylepro.com\/sobre-nosotros\/\",\"url\":\"https:\/\/rosstylepro.com\/sobre-nosotros\/\",\"name\":\"Sobre Nosotros - RosstylePRO\",\"isPartOf\":{\"@id\":\"https:\/\/rosstylepro.com\/en\/#website\"},\"datePublished\":\"2024-05-02T15:36:23+00:00\",\"dateModified\":\"2025-01-17T16:25:36+00:00\",\"breadcrumb\":{\"@id\":\"https:\/\/rosstylepro.com\/sobre-nosotros\/#breadcrumb\"},\"inLanguage\":\"sk-SK\",\"potentialAction\":[{\"@type\":\"ReadAction\",\"target\":[\"https:\/\/rosstylepro.com\/sobre-nosotros\/\"]}]},{\"@type\":\"BreadcrumbList\",\"@id\":\"https:\/\/rosstylepro.com\/sobre-nosotros\/#breadcrumb\",\"itemListElement\":[{\"@type\":\"ListItem\",\"position\":1,\"name\":\"Home\",\"item\":\"https:\/\/rosstylepro.com\/\"},{\"@type\":\"ListItem\",\"position\":2,\"name\":\"Sobre Nosotros\"}]},{\"@type\":\"WebSite\",\"@id\":\"https:\/\/rosstylepro.com\/en\/#website\",\"url\":\"https:\/\/rosstylepro.com\/en\/\",\"name\":\"RosstylePRO\",\"description\":\"\",\"potentialAction\":[{\"@type\":\"SearchAction\",\"target\":{\"@type\":\"EntryPoint\",\"urlTemplate\":\"https:\/\/rosstylepro.com\/en\/?s={search_term_string}\"},\"query-input\":\"required name=search_term_string\"}],\"inLanguage\":\"sk-SK\"}]}<\/script>\n<!-- \/ Yoast SEO plugin. -->","yoast_head_json":{"title":"Sobre Nosotros - RosstylePRO","robots":{"index":"index","follow":"follow","max-snippet":"max-snippet:-1","max-image-preview":"max-image-preview:large","max-video-preview":"max-video-preview:-1"},"canonical":"https:\/\/rosstylepro.com\/sk\/sobre-nosotros\/","og_locale":"sk_SK","og_type":"article","og_title":"Sobre Nosotros - RosstylePRO","og_description":"Bienvenidos a Rosstylepro, un espacio digital dise\u00f1ado para celebrar la curiosidad, explorar la innovaci\u00f3n y compartir experiencias \u00fanicas en el vasto mundo de la tecnolog\u00eda y el entretenimiento. Fundado por Kirito y New, junto con un equipo de m\u00e1s de 10 colaboradores dedicados, Rosstylepro surgi\u00f3 de la necesidad de expresi\u00f3n y de la pasi\u00f3n por [&hellip;]","og_url":"https:\/\/rosstylepro.com\/sk\/sobre-nosotros\/","og_site_name":"RosstylePRO","article_modified_time":"2025-01-17T16:25:36+00:00","twitter_card":"summary_large_image","twitter_misc":{"Est. reading time":"3 min\u00faty"},"schema":{"@context":"https:\/\/schema.org","@graph":[{"@type":"WebPage","@id":"https:\/\/rosstylepro.com\/sobre-nosotros\/","url":"https:\/\/rosstylepro.com\/sobre-nosotros\/","name":"Sobre Nosotros - RosstylePRO","isPartOf":{"@id":"https:\/\/rosstylepro.com\/en\/#website"},"datePublished":"2024-05-02T15:36:23+00:00","dateModified":"2025-01-17T16:25:36+00:00","breadcrumb":{"@id":"https:\/\/rosstylepro.com\/sobre-nosotros\/#breadcrumb"},"inLanguage":"sk-SK","potentialAction":[{"@type":"ReadAction","target":["https:\/\/rosstylepro.com\/sobre-nosotros\/"]}]},{"@type":"BreadcrumbList","@id":"https:\/\/rosstylepro.com\/sobre-nosotros\/#breadcrumb","itemListElement":[{"@type":"ListItem","position":1,"name":"Home","item":"https:\/\/rosstylepro.com\/"},{"@type":"ListItem","position":2,"name":"Sobre Nosotros"}]},{"@type":"WebSite","@id":"https:\/\/rosstylepro.com\/en\/#website","url":"https:\/\/rosstylepro.com\/en\/","name":"RosstylePRO","description":"","potentialAction":[{"@type":"SearchAction","target":{"@type":"EntryPoint","urlTemplate":"https:\/\/rosstylepro.com\/en\/?s={search_term_string}"},"query-input":"required name=search_term_string"}],"inLanguage":"sk-SK"}]}},"_links":{"self":[{"href":"https:\/\/rosstylepro.com\/sk\/wp-json\/wp\/v2\/pages\/71"}],"collection":[{"href":"https:\/\/rosstylepro.com\/sk\/wp-json\/wp\/v2\/pages"}],"about":[{"href":"https:\/\/rosstylepro.com\/sk\/wp-json\/wp\/v2\/types\/page"}],"author":[{"embeddable":true,"href":"https:\/\/rosstylepro.com\/sk\/wp-json\/wp\/v2\/users\/38"}],"replies":[{"embeddable":true,"href":"https:\/\/rosstylepro.com\/sk\/wp-json\/wp\/v2\/comments?post=71"}],"version-history":[{"count":1,"href":"https:\/\/rosstylepro.com\/sk\/wp-json\/wp\/v2\/pages\/71\/revisions"}],"predecessor-version":[{"id":1564,"href":"https:\/\/rosstylepro.com\/sk\/wp-json\/wp\/v2\/pages\/71\/revisions\/1564"}],"wp:attachment":[{"href":"https:\/\/rosstylepro.com\/sk\/wp-json\/wp\/v2\/media?parent=71"}],"curies":[{"name":"wp","href":"https:\/\/api.w.org\/{rel}","templated":true}]}}