{"id":117,"date":"2024-05-03T12:02:42","date_gmt":"2024-05-03T15:02:42","guid":{"rendered":"https:\/\/rosstylepro.com\/?page_id=117"},"modified":"2025-01-17T16:25:35","modified_gmt":"2025-01-17T16:25:35","slug":"condiciones-de-uso","status":"publish","type":"page","link":"https:\/\/rosstylepro.com\/zh\/condiciones-de-uso\/","title":{"rendered":"\u4f7f\u7528\u689d\u6b3e"},"content":{"rendered":"<h2 class=\"wp-block-heading\">1.\u4e00\u822c\u689d\u4ef6<\/h2>\n\n\n\n<p>\u900f\u904e\u8a2a\u554f <a href=\"https:\/\/rosstylepro.com\/zh\/\">\u7f85\u65af\u6cf0\u666e\u7f85<\/a> \u60a8\u540c\u610f\u53d7\u672c\u670d\u52d9\u689d\u6b3e\u3001\u6240\u6709\u9069\u7528\u6cd5\u5f8b\u548c\u6cd5\u898f\u7684\u7d04\u675f\uff0c\u4e26\u540c\u610f\u60a8\u6709\u8cac\u4efb\u9075\u5b88\u4efb\u4f55\u9069\u7528\u7684\u7576\u5730\u6cd5\u5f8b\u3002\u5982\u679c\u60a8\u4e0d\u540c\u610f\u9019\u4e9b\u689d\u6b3e\u4e2d\u7684\u4efb\u4f55\u4e00\u9805\uff0c\u5247\u7981\u6b62\u60a8\u4f7f\u7528\u6216\u9020\u8a2a\u672c\u7db2\u7ad9\u3002\u672c\u7db2\u7ad9\u6240\u5305\u542b\u7684\u8cc7\u6599\u53d7\u9069\u7528\u7684\u7248\u6b0a\u548c\u5546\u6a19\u6cd5\u7684\u4fdd\u8b77\u3002<\/p>\n\n\n\n<h2 class=\"wp-block-heading\">2.\u4f7f\u7528\u8a31\u53ef<\/h2>\n\n\n\n<p>\u5141\u8a31\u66ab\u6642\u4e0b\u8f09\u7db2\u7ad9\u4e0a\u7684\u8cc7\u6599\uff08\u8cc7\u8a0a\u6216\u8edf\u9ad4\uff09\u7684\u4e00\u4efd\u526f\u672c\u00a0<a href=\"https:\/\/curioiogo.com\/\"><\/a><a href=\"https:\/\/rosstylepro.com\/zh\/\">\u7f85\u65af\u6cf0\u666e\u7f85<\/a> \u50c5\u4f9b\u500b\u4eba\u3001\u975e\u5546\u696d\u3001\u66ab\u6642\u4f7f\u7528\u3002\u9019\u662f\u6388\u4e88\u8a31\u53ef\uff0c\u800c\u4e0d\u662f\u6240\u6709\u6b0a\u7684\u8f49\u8b93\uff0c\u6839\u64da\u6b64\u8a31\u53ef\uff0c\u60a8\u4e0d\u5f97<\/p>\n\n\n\n<ol class=\"wp-block-list\">\n<li>\u4fee\u6539\u6216\u8907\u88fd\u6750\u6599\uff1b<\/li>\n\n\n\n<li>\u5c07\u6750\u6599\u7528\u65bc\u5546\u696d\u76ee\u7684\u6216\u516c\u958b\u5c55\u793a\uff08\u5546\u696d\u6216\u975e\u5546\u696d\uff09\uff1b<\/li>\n\n\n\n<li>\u5617\u8a66\u5c0d\u7db2\u7ad9\u4e0a\u7684\u4efb\u4f55\u8edf\u9ad4\u9032\u884c\u53cd\u7de8\u8b6f\u6216\u9006\u5411\u5de5\u7a0b\u00a0<a href=\"https:\/\/rosstylepro.com\/zh\/\">\u7f85\u65af\u6cf0\u666e\u7f85<\/a>;<\/li>\n\n\n\n<li>\u5f9e\u8cc7\u6599\u4e2d\u522a\u9664\u4efb\u4f55\u7248\u6b0a\u6216\u5176\u4ed6\u6240\u6709\u6b0a\u6a19\u8a18\uff1b\u4efb\u4f55\u4e00\u500b<\/li>\n\n\n\n<li>\u5c07\u6750\u6599\u8f49\u79fb\u7d66\u5176\u4ed6\u4eba\u6216\u5728\u4efb\u4f55\u5176\u4ed6\u4f3a\u670d\u5668\u4e0a\u201c\u93e1\u50cf\u201d\u6750\u6599\u3002<\/li>\n<\/ol>\n\n\n\n<p>\u5982\u679c\u60a8\u9055\u53cd\u4efb\u4f55\u9019\u4e9b\u9650\u5236\uff0c\u672c\u8a31\u53ef\u5c07\u81ea\u52d5\u7d42\u6b62\uff0c\u4e26\u4e14\u53ef\u80fd\u88ab\u7d42\u6b62\u00a0<a href=\"https:\/\/curioiogo.com\/\"><\/a><a href=\"https:\/\/rosstylepro.com\/zh\/\">\u7f85\u65af\u6cf0\u666e\u7f85<\/a> \u6bcf\u7576\u3002\u7576\u60a8\u505c\u6b62\u67e5\u770b\u9019\u4e9b\u8cc7\u6599\u6216\u672c\u8a31\u53ef\u7d42\u6b62\u6642\uff0c\u60a8\u5fc5\u9808\u522a\u9664\u60a8\u64c1\u6709\u7684\u6240\u6709\u4e0b\u8f09\u7684\u8cc7\u6599\uff0c\u7121\u8ad6\u662f\u96fb\u5b50\u683c\u5f0f\u9084\u662f\u5370\u5237\u683c\u5f0f\u3002<\/p>\n\n\n\n<h2 class=\"wp-block-heading\">3. \u514d\u8cac\u8072\u660e<\/h2>\n\n\n\n<p>\u7db2\u7ad9\u4e0a\u7684\u8cc7\u6599\u00a0<a href=\"https:\/\/curioiogo.com\/\"><\/a><a href=\"https:\/\/rosstylepro.com\/zh\/\">\u7f85\u65af\u6cf0\u666e\u7f85<\/a> \u4ee5\u201c\u539f\u6a23\u201d\u63d0\u4f9b\u3002\u00a0<a href=\"https:\/\/curioiogo.com\/\"><\/a>Rosstylepro \u4e0d\u4f5c\u4efb\u4f55\u660e\u793a\u6216\u6697\u793a\u7684\u4fdd\u8b49\uff0c\u4e26\u5728\u6b64\u8072\u660e\u548c\u5426\u8a8d\u6240\u6709\u5176\u4ed6\u4fdd\u8b49\uff0c\u5305\u62ec\u4f46\u4e0d\u9650\u65bc\u9069\u92b7\u6027\u3001\u7279\u5b9a\u7528\u9014\u7684\u9069\u7528\u6027\u6216\u4e0d\u4fb5\u72af\u77e5\u8b58\u7522\u6b0a\u6216\u5176\u4ed6\u4fb5\u6b0a\u884c\u70ba\u7684\u6697\u793a\u4fdd\u8b49\u6216\u689d\u4ef6\u3002<\/p>\n\n\n\n<p>\u9664\u4e86\uff0c\u00a0<a href=\"https:\/\/rosstylepro.com\/zh\/\">\u7f85\u65af\u6cf0\u666e\u7f85<\/a> \u4e0d\u4fdd\u8b49\u6216\u4f5c\u51fa\u6709\u95dc\u5176\u7db2\u8def\u7db2\u7ad9\u4e0a\u8cc7\u6599\u7684\u4f7f\u7528\u6216\u8207\u6b64\u985e\u8cc7\u6599\u6216\u9023\u7d50\u81f3\u672c\u7db2\u7ad9\u7684\u4efb\u4f55\u7db2\u7ad9\u6709\u95dc\u7684\u6e96\u78ba\u6027\u3001\u53ef\u80fd\u7522\u751f\u7684\u7d50\u679c\u6216\u53ef\u9760\u6027\u7684\u4efb\u4f55\u9673\u8ff0\u3002<\/p>\n\n\n\n<h2 class=\"wp-block-heading\">4. \u5c40\u9650\u6027<\/h2>\n\n\n\n<p>\u7d55\u4e0d\u6703\u00a0<a href=\"https:\/\/curioiogo.com\/\"><\/a><a href=\"https:\/\/rosstylepro.com\/zh\/\">\u7f85\u65af\u6cf0\u666e\u7f85<\/a> \u6216\u5176\u4f9b\u61c9\u5546\u4e0d\u61c9\u5c0d\u56e0\u4f7f\u7528\u6216\u7121\u6cd5\u4f7f\u7528\u6750\u6599\u800c\u9020\u6210\u7684\u4efb\u4f55\u640d\u5bb3\uff08\u5305\u62ec\u4f46\u4e0d\u9650\u65bc\u8cc7\u6599\u6216\u5229\u6f64\u640d\u5931\uff0c\u6216\u696d\u52d9\u4e2d\u65b7\u9020\u6210\u7684\u640d\u5bb3\uff09\u627f\u64d4\u8cac\u4efb\u3002\u00a0<a href=\"http:\/\/tekamaster.com\/\"><\/a><a href=\"https:\/\/curioiogo.com\/\"><\/a><a href=\"https:\/\/rosstylepre.com\/\"><\/a><a href=\"https:\/\/rosstylepro.com\/zh\/\"><\/a><a href=\"https:\/\/rosstylepro.com\/zh\/\">\u7f85\u65af\u6cf0\u666e\u7f85<\/a>\uff0c\u5373\u4f7f\u00a0<a href=\"https:\/\/rosstylepro.com\/zh\/\">\u7f85\u65af\u6cf0\u666e\u7f85<\/a> \u6216\u6388\u6b0a\u4ee3\u8868\u00a0<a href=\"https:\/\/rosstylepro.com\/zh\/\">\u7f85\u65af\u6cf0\u666e\u7f85<\/a> \u5df2\u7d93\u4ee5\u53e3\u982d\u6216\u66f8\u9762\u5f62\u5f0f\u88ab\u901a\u77e5\u767c\u751f\u6b64\u985e\u640d\u5bb3\u7684\u53ef\u80fd\u6027\u3002\u7531\u65bc\u67d0\u4e9b\u53f8\u6cd5\u7ba1\u8f44\u5340\u4e0d\u5141\u8a31\u9650\u5236\u9ed8\u793a\u4fdd\u56fa\u6216\u9650\u5236\u5c0d\u9593\u63a5\u6216\u9644\u5e36\u640d\u5bb3\u7684\u8cac\u4efb\uff0c\u56e0\u6b64\u9019\u4e9b\u9650\u5236\u53ef\u80fd\u4e0d\u9069\u7528\u65bc\u60a8\u3002<\/p>\n\n\n\n<h2 class=\"wp-block-heading\">5. \u6750\u6599\u7684\u6e96\u78ba\u6027<\/h2>\n\n\n\n<p>\u7db2\u7ad9\u4e0a\u51fa\u73fe\u7684\u8cc7\u6599\u00a0<a href=\"https:\/\/rosstylepro.com\/zh\/\">\u7f85\u65af\u6cf0\u666e\u7f85<\/a> \u53ef\u80fd\u5305\u62ec\u6280\u8853\u3001\u5370\u5237\u6216\u651d\u5f71\u932f\u8aa4\u3002\u00a0<a href=\"https:\/\/rosstylepro.com\/zh\/\">\u7f85\u65af\u6cf0\u666e\u7f85<\/a> \u4e0d\u4fdd\u8b49\u5176\u7db2\u7ad9\u4e0a\u7684\u4efb\u4f55\u8cc7\u6599\u7684\u6e96\u78ba\u6027\u3001\u5b8c\u6574\u6027\u6216\u6700\u65b0\u6027\u3002\u00a0<a href=\"https:\/\/rosstylepro.com\/zh\/\">\u7f85\u65af\u6cf0\u666e\u7f85<\/a> \u53ef\u96a8\u6642\u8b8a\u66f4\u5176\u7db2\u7ad9\u4e0a\u5305\u542b\u7684\u8cc7\u6599\uff0c\u6055\u4e0d\u53e6\u884c\u901a\u77e5\u3002\u7136\u800c\u00a0<a href=\"https:\/\/rosstylepro.com\/zh\/\">\u7f85\u65af\u6cf0\u666e\u7f85<\/a> \u4e0d\u627f\u8afe\u66f4\u65b0\u8cc7\u6599\u3002<\/p>\n\n\n\n<h2 class=\"wp-block-heading\">6. \u9023\u7d50<\/h2>\n\n\n\n<p><a href=\"https:\/\/rosstylepro.com\/zh\/\">\u7f85\u65af\u6cf0\u666e\u7f85<\/a> \u4e26\u672a\u5be9\u67e5\u8207\u5176\u7db2\u7ad9\u9023\u7d50\u7684\u6240\u6709\u7db2\u7ad9\uff0c\u4e26\u4e14\u5c0d\u4efb\u4f55\u6b64\u985e\u9023\u7d50\u7db2\u7ad9\u7684\u5167\u5bb9\u4e0d\u627f\u64d4\u4efb\u4f55\u8cac\u4efb\u3002\u5305\u542b\u4efb\u4f55\u9023\u7d50\u4e26\u4e0d\u610f\u5473\u8457\u8a72\u7db2\u7ad9\u7684\u8a8d\u53ef\u00a0<a href=\"http:\/\/tekamaster.com\/\"><\/a><a href=\"https:\/\/curioiogo.com\/\"><\/a><a href=\"https:\/\/rosstylepre.com\/\"><\/a><a href=\"https:\/\/rosstylepro.com\/zh\/\"><\/a><a href=\"https:\/\/rosstylepro.com\/zh\/\">\u7f85\u65af\u6cf0\u666e\u7f85<\/a>\u3002\u4f7f\u7528\u4efb\u4f55\u9023\u7d50\u7db2\u7ad9\u7684\u98a8\u96aa\u7531\u4f7f\u7528\u8005\u81ea\u884c\u627f\u64d4\u3002<\/p>\n\n\n\n<h3 class=\"wp-block-heading\">\u4fee\u6539<\/h3>\n\n\n\n<p><a href=\"https:\/\/rosstylepro.com\/zh\/\">\u7f85\u65af\u6cf0\u666e\u7f85<\/a> \u53ef\u96a8\u6642\u4fee\u6539\u5176\u7db2\u7ad9\u7684\u670d\u52d9\u689d\u6b3e\uff0c\u7121\u9808\u4e8b\u5148\u901a\u77e5\u3002\u4f7f\u7528\u672c\u7db2\u7ad9\uff0c\u5373\u8868\u793a\u60a8\u540c\u610f\u63a5\u53d7\u672c\u670d\u52d9\u689d\u6b3e\u76ee\u524d\u7248\u672c\u7684\u7d04\u675f\u3002<\/p>\n\n\n\n<h3 class=\"wp-block-heading\">\u9069\u7528\u6cd5\u5f8b<\/h3>\n\n\n\n<p>\u9019\u4e9b\u689d\u6b3e\u548c\u689d\u4ef6\u53d7\u4ee5\u4e0b\u6cd5\u5f8b\u7ba1\u8f44\u4e26\u4f9d\u5176\u89e3\u91cb\uff1a\u00a0<a href=\"https:\/\/rosstylepro.com\/zh\/\">\u7f85\u65af\u6cf0\u666e\u7f85<\/a> \u4e14\u60a8\u4e0d\u53ef\u64a4\u92b7\u5730\u63a5\u53d7\u8a72\u5dde\u6216\u5730\u65b9\u6cd5\u9662\u7684\u5c08\u5c6c\u7ba1\u8f44\u6b0a\u3002<\/p>","protected":false},"excerpt":{"rendered":"<p>1. \u4e00\u822c\u689d\u6b3e\u8207\u689d\u4ef6 \u9020\u8a2a Rosstylepro \u7db2\u7ad9\uff0c\u5373\u8868\u793a\u60a8\u540c\u610f\u53d7\u672c\u670d\u52d9\u689d\u6b3e\u3001\u6240\u6709\u9069\u7528\u6cd5\u5f8b\u6cd5\u898f\u7684\u7d04\u675f\uff0c\u4e26\u540c\u610f\u60a8\u6709\u8cac\u4efb\u9075\u5b88\u4efb\u4f55\u9069\u7528\u7684\u7576\u5730\u6cd5\u5f8b\u3002\u5982\u679c\u60a8\u4e0d\u540c\u610f\u672c\u689d\u6b3e\u548c\u689d\u4ef6\u4e2d\u7684\u4efb\u4f55\u4e00\u9805\uff0c\u60a8\u5c07\u88ab\u7981\u6b62\u4f7f\u7528\u6216\u9020\u8a2a\u672c\u7db2\u7ad9\u3002<\/p>","protected":false},"author":38,"featured_media":0,"parent":0,"menu_order":0,"comment_status":"closed","ping_status":"closed","template":"page-nosidebar.php","meta":{"footnotes":""},"yoast_head":"<!-- This site is optimized with the Yoast SEO plugin v23.3 - https:\/\/yoast.com\/wordpress\/plugins\/seo\/ -->\n<title>Condiciones de uso - RosstylePRO<\/title>\n<meta name=\"robots\" content=\"index, follow, max-snippet:-1, max-image-preview:large, max-video-preview:-1\" \/>\n<link rel=\"canonical\" href=\"https:\/\/rosstylepro.com\/zh\/condiciones-de-uso\/\" \/>\n<meta property=\"og:locale\" content=\"zh_TW\" \/>\n<meta property=\"og:type\" content=\"article\" \/>\n<meta property=\"og:title\" content=\"Condiciones de uso - RosstylePRO\" \/>\n<meta property=\"og:description\" content=\"1.Condiciones generales Al acceder al sitio web de Rosstylepro usted acepta quedar vinculado por estas condiciones de servicio, todas las leyes y reglamentos aplicables, y acepta que es responsable del cumplimiento de cualquier ley local aplicable. Si usted no est\u00e1 de acuerdo con cualquiera de estos t\u00e9rminos, se le proh\u00edbe el uso o acceso a [&hellip;]\" \/>\n<meta property=\"og:url\" content=\"https:\/\/rosstylepro.com\/zh\/condiciones-de-uso\/\" \/>\n<meta property=\"og:site_name\" content=\"RosstylePRO\" \/>\n<meta property=\"article:modified_time\" content=\"2025-01-17T16:25:35+00:00\" \/>\n<meta name=\"twitter:card\" content=\"summary_large_image\" \/>\n<meta name=\"twitter:label1\" content=\"Est. reading time\" \/>\n\t<meta name=\"twitter:data1\" content=\"4 \u5206\u9418\" \/>\n<script type=\"application\/ld+json\" class=\"yoast-schema-graph\">{\"@context\":\"https:\/\/schema.org\",\"@graph\":[{\"@type\":\"WebPage\",\"@id\":\"https:\/\/rosstylepro.com\/condiciones-de-uso\/\",\"url\":\"https:\/\/rosstylepro.com\/condiciones-de-uso\/\",\"name\":\"Condiciones de uso - RosstylePRO\",\"isPartOf\":{\"@id\":\"https:\/\/rosstylepro.com\/en\/#website\"},\"datePublished\":\"2024-05-03T15:02:42+00:00\",\"dateModified\":\"2025-01-17T16:25:35+00:00\",\"breadcrumb\":{\"@id\":\"https:\/\/rosstylepro.com\/condiciones-de-uso\/#breadcrumb\"},\"inLanguage\":\"zh-TW\",\"potentialAction\":[{\"@type\":\"ReadAction\",\"target\":[\"https:\/\/rosstylepro.com\/condiciones-de-uso\/\"]}]},{\"@type\":\"BreadcrumbList\",\"@id\":\"https:\/\/rosstylepro.com\/condiciones-de-uso\/#breadcrumb\",\"itemListElement\":[{\"@type\":\"ListItem\",\"position\":1,\"name\":\"Home\",\"item\":\"https:\/\/rosstylepro.com\/\"},{\"@type\":\"ListItem\",\"position\":2,\"name\":\"Condiciones de uso\"}]},{\"@type\":\"WebSite\",\"@id\":\"https:\/\/rosstylepro.com\/en\/#website\",\"url\":\"https:\/\/rosstylepro.com\/en\/\",\"name\":\"RosstylePRO\",\"description\":\"\",\"potentialAction\":[{\"@type\":\"SearchAction\",\"target\":{\"@type\":\"EntryPoint\",\"urlTemplate\":\"https:\/\/rosstylepro.com\/en\/?s={search_term_string}\"},\"query-input\":\"required name=search_term_string\"}],\"inLanguage\":\"zh-TW\"}]}<\/script>\n<!-- \/ Yoast SEO plugin. -->","yoast_head_json":{"title":"Condiciones de uso - RosstylePRO","robots":{"index":"index","follow":"follow","max-snippet":"max-snippet:-1","max-image-preview":"max-image-preview:large","max-video-preview":"max-video-preview:-1"},"canonical":"https:\/\/rosstylepro.com\/zh\/condiciones-de-uso\/","og_locale":"zh_TW","og_type":"article","og_title":"Condiciones de uso - RosstylePRO","og_description":"1.Condiciones generales Al acceder al sitio web de Rosstylepro usted acepta quedar vinculado por estas condiciones de servicio, todas las leyes y reglamentos aplicables, y acepta que es responsable del cumplimiento de cualquier ley local aplicable. Si usted no est\u00e1 de acuerdo con cualquiera de estos t\u00e9rminos, se le proh\u00edbe el uso o acceso a [&hellip;]","og_url":"https:\/\/rosstylepro.com\/zh\/condiciones-de-uso\/","og_site_name":"RosstylePRO","article_modified_time":"2025-01-17T16:25:35+00:00","twitter_card":"summary_large_image","twitter_misc":{"Est. reading time":"4 \u5206\u9418"},"schema":{"@context":"https:\/\/schema.org","@graph":[{"@type":"WebPage","@id":"https:\/\/rosstylepro.com\/condiciones-de-uso\/","url":"https:\/\/rosstylepro.com\/condiciones-de-uso\/","name":"Condiciones de uso - RosstylePRO","isPartOf":{"@id":"https:\/\/rosstylepro.com\/en\/#website"},"datePublished":"2024-05-03T15:02:42+00:00","dateModified":"2025-01-17T16:25:35+00:00","breadcrumb":{"@id":"https:\/\/rosstylepro.com\/condiciones-de-uso\/#breadcrumb"},"inLanguage":"zh-TW","potentialAction":[{"@type":"ReadAction","target":["https:\/\/rosstylepro.com\/condiciones-de-uso\/"]}]},{"@type":"BreadcrumbList","@id":"https:\/\/rosstylepro.com\/condiciones-de-uso\/#breadcrumb","itemListElement":[{"@type":"ListItem","position":1,"name":"Home","item":"https:\/\/rosstylepro.com\/"},{"@type":"ListItem","position":2,"name":"Condiciones de uso"}]},{"@type":"WebSite","@id":"https:\/\/rosstylepro.com\/en\/#website","url":"https:\/\/rosstylepro.com\/en\/","name":"RosstylePRO","description":"","potentialAction":[{"@type":"SearchAction","target":{"@type":"EntryPoint","urlTemplate":"https:\/\/rosstylepro.com\/en\/?s={search_term_string}"},"query-input":"required name=search_term_string"}],"inLanguage":"zh-TW"}]}},"_links":{"self":[{"href":"https:\/\/rosstylepro.com\/zh\/wp-json\/wp\/v2\/pages\/117"}],"collection":[{"href":"https:\/\/rosstylepro.com\/zh\/wp-json\/wp\/v2\/pages"}],"about":[{"href":"https:\/\/rosstylepro.com\/zh\/wp-json\/wp\/v2\/types\/page"}],"author":[{"embeddable":true,"href":"https:\/\/rosstylepro.com\/zh\/wp-json\/wp\/v2\/users\/38"}],"replies":[{"embeddable":true,"href":"https:\/\/rosstylepro.com\/zh\/wp-json\/wp\/v2\/comments?post=117"}],"version-history":[{"count":1,"href":"https:\/\/rosstylepro.com\/zh\/wp-json\/wp\/v2\/pages\/117\/revisions"}],"predecessor-version":[{"id":1560,"href":"https:\/\/rosstylepro.com\/zh\/wp-json\/wp\/v2\/pages\/117\/revisions\/1560"}],"wp:attachment":[{"href":"https:\/\/rosstylepro.com\/zh\/wp-json\/wp\/v2\/media?parent=117"}],"curies":[{"name":"wp","href":"https:\/\/api.w.org\/{rel}","templated":true}]}}