{"id":66,"date":"2024-05-02T12:17:37","date_gmt":"2024-05-02T15:17:37","guid":{"rendered":"https:\/\/rosstylepro.com\/?page_id=66"},"modified":"2025-01-17T16:25:36","modified_gmt":"2025-01-17T16:25:36","slug":"politica-de-privacidad","status":"publish","type":"page","link":"https:\/\/rosstylepro.com\/zh\/politica-de-privacidad\/","title":{"rendered":"\u96b1\u79c1\u6b0a\u653f\u7b56"},"content":{"rendered":"<p>\u60a8\u7684\u96b1\u79c1\u5c0d\u6211\u5011\u5f88\u91cd\u8981\u3002\u5728 Rosstylepro\uff0c\u6211\u5011\u6709\u4e00\u9805\u653f\u7b56\uff0c\u5373\u5c0a\u91cd\u60a8\u7684\u96b1\u79c1\uff0c\u6211\u5011\u53ef\u80fd\u6703\u5728 Rosstylepro \u7db2\u7ad9\u4ee5\u53ca\u6211\u5011\u64c1\u6709\u548c\u7d93\u71df\u7684\u5176\u4ed6\u7db2\u7ad9\u4e0a\u6536\u96c6\u4efb\u4f55\u8cc7\u8a0a\u3002<\/p>\n\n\n\n<p>\u6211\u5011\u50c5\u5728\u771f\u6b63\u9700\u8981\u70ba\u60a8\u63d0\u4f9b\u670d\u52d9\u6642\u624d\u8981\u6c42\u63d0\u4f9b\u500b\u4eba\u8cc7\u8a0a\u3002\u5728\u60a8\u77e5\u60c5\u548c\u540c\u610f\u7684\u60c5\u6cc1\u4e0b\uff0c\u6211\u5011\u6703\u516c\u5e73\u3001\u5408\u6cd5\u5730\u9019\u6a23\u505a\u3002\u6211\u5011\u4e5f\u6703\u544a\u77e5\u60a8\u6211\u5011\u6536\u96c6\u9019\u4e9b\u8cc7\u8a0a\u7684\u539f\u56e0\u4ee5\u53ca\u6211\u5011\u5c07\u5982\u4f55\u4f7f\u7528\u9019\u4e9b\u8cc7\u8a0a\u3002<\/p>\n\n\n\n<p>\u6211\u5011\u53ea\u6703\u5728\u63d0\u4f9b\u6240\u8981\u6c42\u670d\u52d9\u6240\u9700\u7684\u6642\u9593\u5167\u4fdd\u7559\u6536\u96c6\u7684\u8cc7\u8a0a\u3002\u7576\u6211\u5011\u5132\u5b58\u8cc7\u6599\u6642\uff0c\u6211\u5011\u6703\u63a1\u7528\u5546\u696d\u4e0a\u53ef\u63a5\u53d7\u7684\u65b9\u5f0f\u4f86\u4fdd\u8b77\u6578\u64da\uff0c\u4ee5\u9632\u6b62\u907a\u5931\u3001\u76dc\u7aca\u3001\u672a\u7d93\u6388\u6b0a\u7684\u5b58\u53d6\u3001\u6d29\u9732\u3001\u8907\u88fd\u3001\u4f7f\u7528\u6216\u4fee\u6539\u3002<\/p>\n\n\n\n<p>\u9664\u975e\u6cd5\u5f8b\u8981\u6c42\uff0c\u5426\u5247\u6211\u5011\u4e0d\u6703\u516c\u958b\u6216\u8207\u7b2c\u4e09\u65b9\u5206\u4eab\u500b\u4eba\u8b58\u5225\u8cc7\u8a0a\u3002<\/p>\n\n\n\n<p>\u6211\u5011\u7684\u7db2\u7ad9\u53ef\u80fd\u5305\u542b\u975e\u6211\u5011\u7d93\u71df\u7684\u5916\u90e8\u7db2\u7ad9\u7684\u9023\u7d50\u3002\u8acb\u6ce8\u610f\uff0c\u6211\u5011\u7121\u6cd5\u63a7\u5236\u9019\u4e9b\u7db2\u7ad9\u7684\u5167\u5bb9\u548c\u884c\u70ba\uff0c\u5c0d\u5176\u96b1\u79c1\u6b0a\u653f\u7b56\u4e0d\u627f\u64d4\u4efb\u4f55\u8cac\u4efb\u3002<\/p>\n\n\n\n<p>\u60a8\u53ef\u4ee5\u81ea\u7531\u62d2\u7d55\u6211\u5011\u5c0d\u500b\u4eba\u8cc7\u8a0a\u7684\u8acb\u6c42\uff0c\u4f46\u8acb\u6ce8\u610f\uff0c\u6211\u5011\u53ef\u80fd\u7121\u6cd5\u70ba\u60a8\u63d0\u4f9b\u67d0\u4e9b\u6240\u9700\u7684\u670d\u52d9\u3002<\/p>\n\n\n\n<p>\u60a8\u7e7c\u7e8c\u4f7f\u7528\u6211\u5011\u7684\u7db2\u7ad9\u5c07\u88ab\u8996\u70ba\u63a5\u53d7\u6211\u5011\u95dc\u65bc\u96b1\u79c1\u548c\u500b\u4eba\u8cc7\u8a0a\u7684\u505a\u6cd5\u3002\u5982\u679c\u60a8\u5c0d\u6211\u5011\u5982\u4f55\u8655\u7406\u7528\u6236\u8cc7\u6599\u548c\u500b\u4eba\u8cc7\u8a0a\u6709\u4efb\u4f55\u7591\u554f\uff0c\u8acb\u8207\u6211\u5011\u806f\u7d61\u3002<\/p>\n\n\n\n<h2 class=\"wp-block-heading\">Rosstylepro \u7db2\u7ad9\u5b89\u5168<\/h2>\n\n\n\n<p>\u6839\u64da Site Check \u5831\u544a\uff0c\u8a72\u7db2\u7ad9\u5c0d\u65bc\u4f7f\u7528\u8005\u800c\u8a00\u662f\u53ef\u9760\u4e14\u5b89\u5168\u7684\u3002\u8a72\u9801\u9762\u6aa2\u67e5\u7db2\u7ad9\u7684\u8cc7\u8a0a\u4ee5\u8b58\u5225\u6f5b\u5728\u7684\u5b89\u5168\u554f\u984c\u3002<\/p>\n\n\n\n<h2 class=\"wp-block-heading\">Rosstylepro Cookie\u653f\u7b56<\/h2>\n\n\n\n<p><strong>\u4ec0\u9ebc\u662f Cookie\uff1f<\/strong><\/p>\n\n\n\n<p>\u8207\u5e7e\u4e4e\u6240\u6709\u5c08\u696d\u7db2\u7ad9\u4e00\u6a23\uff0c\u672c\u7db2\u7ad9\u4f7f\u7528 cookie\uff08\u4e0b\u8f09\u5230\u60a8\u7684\u96fb\u8166\u4e0a\u7684\u5c0f\u6a94\u6848\uff09\u4f86\u6539\u5584\u60a8\u7684\u9ad4\u9a57\u3002\u672c\u9801\u63cf\u8ff0\u4e86\u4ed6\u5011\u6536\u96c6\u54ea\u4e9b\u8cc7\u8a0a\u3001\u6211\u5011\u5982\u4f55\u4f7f\u7528\u9019\u4e9b\u8cc7\u8a0a\u4ee5\u53ca\u70ba\u4ec0\u9ebc\u6211\u5011\u6709\u6642\u9700\u8981\u5132\u5b58\u9019\u4e9b cookie\u3002\u6211\u5011\u9084\u5c07\u5411\u60a8\u5c55\u793a\u5982\u4f55\u9632\u6b62\u9019\u4e9b cookie \u88ab\u5b58\u5132\uff0c\u5118\u7ba1\u9019\u53ef\u80fd\u6703\u5f71\u97ff\u7db2\u7ad9\u7684\u529f\u80fd\u3002<\/p>\n\n\n\n<p><strong>\u6211\u5011\u5982\u4f55\u4f7f\u7528 cookies\uff1f<\/strong><\/p>\n\n\n\n<p>\u6211\u5011\u6703\u56e0\u70ba\u591a\u7a2e\u539f\u56e0\u4f7f\u7528 Cookie\uff0c\u8a73\u60c5\u5982\u4e0b\u3002\u4e0d\u5e78\u7684\u662f\uff0c\u5728\u5927\u591a\u6578\u60c5\u6cc1\u4e0b\uff0c\u6c92\u6709\u884c\u696d\u6a19\u6e96\u7684\u9078\u9805\u53ef\u4ee5\u505c\u7528 cookie\uff0c\u800c\u4e0d\u6703\u5b8c\u5168\u505c\u7528\u5b83\u5011\u6dfb\u52a0\u5230\u6b64\u7db2\u7ad9\u7684\u529f\u80fd\u548c\u7279\u6027\u3002\u5982\u679c\u60a8\u4e0d\u78ba\u5b9a\u662f\u5426\u9700\u8981\u6240\u6709 cookie\uff0c\u5efa\u8b70\u60a8\u4fdd\u6301\u555f\u7528\u72c0\u614b\uff0c\u4ee5\u9632\u5b83\u5011\u7528\u65bc\u63d0\u4f9b\u60a8\u4f7f\u7528\u7684\u670d\u52d9\u3002<\/p>\n\n\n\n<p><strong>\u505c\u7528 Cookie<\/strong><\/p>\n\n\n\n<p>\u60a8\u53ef\u4ee5\u900f\u904e\u8abf\u6574\u700f\u89bd\u5668\u8a2d\u5b9a\u4f86\u963b\u6b62\u8a2d\u5b9a cookie\uff08\u6709\u95dc\u5982\u4f55\u64cd\u4f5c\uff0c\u8acb\u53c3\u95b1\u700f\u89bd\u5668\u7684\u8aaa\u660e\uff09\u3002\u8acb\u6ce8\u610f\uff0c\u505c\u7528 cookie \u5c07\u5f71\u97ff\u672c\u7db2\u7ad9\u548c\u60a8\u9020\u8a2a\u7684\u8a31\u591a\u5176\u4ed6\u7db2\u7ad9\u7684\u529f\u80fd\u3002\u505c\u7528 cookie \u901a\u5e38\u6703\u5c0e\u81f4\u672c\u7db2\u7ad9\u7684\u67d0\u4e9b\u529f\u80fd\u548c\u7279\u6027\u505c\u7528\u3002\u56e0\u6b64\u5efa\u8b70\u4e0d\u8981\u7981\u7528cookies\u3002<\/p>\n\n\n\n<p><strong>\u6211\u5011\u8a2d\u5b9a\u7684 Cookie<\/strong><\/p>\n\n\n\n<ul>\n<li>\u8207\u5e33\u865f\u76f8\u95dc\u7684 Cookie<br><br>\u5982\u679c\u60a8\u5728\u6211\u5011\u9019\u88e1\u5efa\u7acb\u5e33\u6236\uff0c\u6211\u5011\u5c07\u4f7f\u7528 cookie \u4f86\u7ba1\u7406\u8a3b\u518a\u6d41\u7a0b\u548c\u4e00\u822c\u7ba1\u7406\u3002\u9019\u4e9b cookie \u901a\u5e38\u6703\u5728\u60a8\u9000\u51fa\u6642\u88ab\u522a\u9664\uff0c\u4f46\u5728\u67d0\u4e9b\u60c5\u6cc1\u4e0b\uff0c\u5b83\u5011\u53ef\u80fd\u6703\u4fdd\u7559\u4e0b\u4f86\u4ee5\u4fbf\u5728\u60a8\u9000\u51fa\u6642\u8a18\u4f4f\u60a8\u7684\u7db2\u7ad9\u504f\u597d\u8a2d\u5b9a\u3002<\/li>\n\n\n\n<li>\u767b\u5165\u76f8\u95dc\u7684 cookies<br><br>\u7576\u60a8\u767b\u5165\u6642\uff0c\u6211\u5011\u6703\u4f7f\u7528 cookie \u4f86\u8a18\u4f4f\u8a72\u64cd\u4f5c\u3002\u9019\u6a23\u53ef\u4ee5\u907f\u514d\u60a8\u6bcf\u6b21\u9020\u8a2a\u65b0\u9801\u9762\u6642\u90fd\u5fc5\u9808\u767b\u5165\u3002\u9019\u4e9b cookie \u901a\u5e38\u5728\u60a8\u767b\u51fa\u6642\u88ab\u522a\u9664\uff0c\u4ee5\u78ba\u4fdd\u60a8\u53ea\u80fd\u5728\u767b\u5165\u6642\u5b58\u53d6\u53d7\u9650\u7684\u529f\u80fd\u548c\u5340\u57df\u3002<\/li>\n\n\n\n<li>\u8207\u96fb\u5b50\u90f5\u4ef6\u901a\u8a0a\u76f8\u95dc\u7684 Cookie<br><br>\u672c\u7db2\u7ad9\u63d0\u4f9b\u96fb\u5b50\u5831\u6216\u96fb\u5b50\u90f5\u4ef6\u8a02\u95b1\u670d\u52d9\uff0c\u4e26\u53ef\u80fd\u4f7f\u7528 cookie \u4f86\u8a18\u4f4f\u60a8\u662f\u5426\u5df2\u8a3b\u518a\u4ee5\u53ca\u662f\u5426\u50c5\u5411\u8a3b\u518a\/\u672a\u8a3b\u518a\u4f7f\u7528\u8005\u986f\u793a\u67d0\u4e9b\u901a\u77e5\u3002<\/li>\n\n\n\n<li>\u8207\u8a02\u55ae\u8655\u7406\u76f8\u95dc\u7684 Cookie<br><br>\u672c\u7db2\u7ad9\u63d0\u4f9b\u96fb\u5b50\u5546\u52d9\u6216\u652f\u4ed8\u8a2d\u65bd\uff0c\u6709\u4e9b cookie \u81f3\u95dc\u91cd\u8981\uff0c\u4ee5\u78ba\u4fdd\u60a8\u7684\u8a02\u55ae\u5728\u9801\u9762\u4e4b\u9593\u88ab\u8a18\u4f4f\uff0c\u4ee5\u4fbf\u6211\u5011\u53ef\u4ee5\u6b63\u78ba\u8655\u7406\u3002<\/li>\n\n\n\n<li>\u8207\u8abf\u67e5\u76f8\u95dc\u7684 Cookie<br><br>\u6211\u5011\u5b9a\u671f\u63d0\u4f9b\u8abf\u67e5\u548c\u554f\u5377\uff0c\u4ee5\u63d0\u4f9b\u6709\u8da3\u7684\u8cc7\u8a0a\u3001\u6709\u7528\u7684\u5de5\u5177\u6216\u66f4\u597d\u5730\u4e86\u89e3\u6211\u5011\u7684\u7528\u6236\u7fa4\u3002\u9019\u4e9b\u8abf\u67e5\u53ef\u80fd\u6703\u4f7f\u7528 cookie \u4f86\u8a18\u4f4f\u8ab0\u53c3\u8207\u4e86\u8abf\u67e5\u6216\u5728\u66f4\u6539\u9801\u9762\u5f8c\u63d0\u4f9b\u6e96\u78ba\u7684\u7d50\u679c\u3002<\/li>\n\n\n\n<li>\u8868\u55ae\u76f8\u95dc Cookie<br><br>\u7576\u60a8\u900f\u904e\u806f\u7d61\u9801\u9762\u6216\u8a55\u8ad6\u8868\u55ae\u7b49\u8868\u55ae\u63d0\u4ea4\u8cc7\u6599\u6642\uff0c\u53ef\u80fd\u6703\u8a2d\u5b9a cookie \u4f86\u8a18\u4f4f\u60a8\u7684\u4f7f\u7528\u8005\u8a73\u7d30\u8cc7\u8a0a\u4ee5\u4f9b\u5c07\u4f86\u901a\u8a0a\u3002<\/li>\n\n\n\n<li>\u7db2\u7ad9\u504f\u597d Cookie<br><br>\u70ba\u4e86\u63d0\u4f9b\u6b64\u7db2\u7ad9\u7684\u6700\u4f73\u9ad4\u9a57\uff0c\u6211\u5011\u63d0\u4f9b\u4e86\u8a2d\u5b9a\u60a8\u5c0d\u6b64\u7db2\u7ad9\u5728\u4f7f\u7528\u6642\u5982\u4f55\u904b\u4f5c\u7684\u504f\u597d\u7684\u529f\u80fd\u3002\u70ba\u4e86\u8a18\u4f4f\u60a8\u7684\u504f\u597d\uff0c\u6211\u5011\u9700\u8981\u8a2d\u5b9a cookie\uff0c\u4ee5\u4fbf\u6bcf\u7576\u60a8\u8207\u53d7\u60a8\u7684\u504f\u597d\u5f71\u97ff\u7684\u9801\u9762\u9032\u884c\u4e92\u52d5\u6642\u90fd\u53ef\u4ee5\u547c\u53eb\u9019\u4e9b\u8cc7\u8a0a\u3002<\/li>\n<\/ul>\n\n\n\n<h2 class=\"wp-block-heading\">\u7b2c\u4e09\u65b9 Cookie<\/h2>\n\n\n\n<p>\u5728\u67d0\u4e9b\u7279\u6b8a\u60c5\u6cc1\u4e0b\uff0c\u6211\u5011\u4e5f\u6703\u4f7f\u7528\u53d7\u4fe1\u4efb\u7684\u7b2c\u4e09\u65b9\u63d0\u4f9b\u7684 cookie\u3002\u4ee5\u4e0b\u90e8\u5206\u8a73\u7d30\u8aaa\u660e\u60a8\u53ef\u80fd\u900f\u904e\u672c\u7db2\u7ad9\u9047\u5230\u7684\u7b2c\u4e09\u65b9 cookie\u3002<\/p>\n\n\n\n<ul>\n<li>\u672c\u7db2\u7ad9\u4f7f\u7528\u00a0<a href=\"https:\/\/analytics.google.com\/analytics\/web\/#\/p419479084\/reports\/intelligenthome\"><em>Google\u5206\u6790<\/em><\/a>\uff0c\u9019\u662f\u6700\u5ee3\u6cdb\u548c\u6700\u503c\u5f97\u4fe1\u8cf4\u7684\u7db2\u8def\u5206\u6790\u89e3\u6c7a\u65b9\u6848\u4e4b\u4e00\uff0c\u5b83\u53ef\u4ee5\u5e6b\u52a9\u6211\u5011\u4e86\u89e3\u60a8\u5982\u4f55\u4f7f\u7528\u7db2\u7ad9\u4ee5\u53ca\u6211\u5011\u5982\u4f55\u6539\u5584\u60a8\u7684\u9ad4\u9a57\u3002\u9019\u4e9b cookie \u53ef\u80fd\u6703\u8ffd\u8e64\u60a8\u5728\u7db2\u7ad9\u4e0a\u505c\u7559\u7684\u6642\u9593\u4ee5\u53ca\u60a8\u8a2a\u554f\u7684\u9801\u9762\u7b49\u4fe1\u606f\uff0c\u4ee5\u4fbf\u6211\u5011\u80fd\u5920\u7e7c\u7e8c\u88fd\u4f5c\u5f15\u4eba\u5165\u52dd\u7684\u5167\u5bb9\u3002<\/li>\n<\/ul>\n\n\n\n<p>\u6709\u95dc Google Analytics cookie \u7684\u66f4\u591a\u4fe1\u606f\uff0c\u8acb\u8a2a\u554f Google Analytics \u5b98\u65b9\u9801\u9762\u3002<\/p>\n\n\n\n<ul>\n<li>\u7b2c\u4e09\u65b9\u5206\u6790\u7528\u65bc\u8ffd\u8e64\u548c\u8861\u91cf\u672c\u7db2\u7ad9\u7684\u4f7f\u7528\u60c5\u6cc1\uff0c\u4ee5\u4fbf\u6211\u5011\u80fd\u5920\u7e7c\u7e8c\u88fd\u4f5c\u5f15\u4eba\u5165\u52dd\u7684\u5167\u5bb9\u3002\u9019\u4e9b cookie \u53ef\u80fd\u6703\u8ffd\u8e64\u60a8\u5728\u7db2\u7ad9\u4e0a\u505c\u7559\u7684\u6642\u9593\u6216\u8a2a\u554f\u7684\u9801\u9762\u7b49\u4fe1\u606f\uff0c\u9019\u6709\u52a9\u65bc\u6211\u5011\u4e86\u89e3\u5982\u4f55\u70ba\u60a8\u6539\u9032\u7db2\u7ad9\u3002<\/li>\n\n\n\n<li>\u6211\u5011\u5b9a\u671f\u6e2c\u8a66\u65b0\u529f\u80fd\u4e26\u5c0d\u7db2\u7ad9\u7684\u5448\u73fe\u65b9\u5f0f\u9032\u884c\u7d30\u5fae\u7684\u66f4\u6539\u3002\u7576\u6211\u5011\u4ecd\u5728\u6e2c\u8a66\u65b0\u529f\u80fd\u6642\uff0c\u9019\u4e9b cookie \u53ef\u80fd\u6703\u7528\u65bc\u78ba\u4fdd\u60a8\u5728\u7db2\u7ad9\u4e0a\u7372\u5f97\u4e00\u81f4\u7684\u9ad4\u9a57\uff0c\u540c\u6642\u6211\u5011\u4e86\u89e3\u4f7f\u7528\u8005\u6700\u559c\u6b61\u54ea\u4e9b\u512a\u5316\u3002<\/li>\n\n\n\n<li>\u5728\u92b7\u552e\u7522\u54c1\u6642\uff0c\u4e86\u89e3\u7db2\u7ad9\u8a2a\u5ba2\u4e2d\u5be6\u969b\u8cfc\u8cb7\u7684\u6578\u91cf\u7684\u7d71\u8a08\u8cc7\u6599\u5c0d\u6211\u5011\u4f86\u8aaa\u975e\u5e38\u91cd\u8981\uff0c\u56e0\u6b64\u9019\u4e9b cookie \u6703\u8ffd\u8e64\u6b64\u985e\u8cc7\u6599\u985e\u578b\u3002\u9019\u5c0d\u60a8\u4f86\u8aaa\u5f88\u91cd\u8981\uff0c\u56e0\u70ba\u9019\u610f\u5473\u8457\u6211\u5011\u53ef\u4ee5\u6e96\u78ba\u5730\u505a\u51fa\u696d\u52d9\u9810\u6e2c\uff0c\u5f9e\u800c\u8b93\u6211\u5011\u5206\u6790\u6211\u5011\u7684\u5ee3\u544a\u548c\u7522\u54c1\u6210\u672c\uff0c\u4ee5\u78ba\u4fdd\u76e1\u53ef\u80fd\u512a\u60e0\u7684\u50f9\u683c\u3002<\/li>\n<\/ul>\n\n\n\n<h2 class=\"wp-block-heading\">\u7528\u6236\u53c3\u8207<\/h2>\n\n\n\n<p>\u4f7f\u7528\u8005\u540c\u610f\u9069\u7576\u4f7f\u7528Rosstyleproof\u5728\u7db2\u7ad9\u4e0a\u63d0\u4f9b\u7684\u5167\u5bb9\u548c\u8a0a\u606f\uff0c\u5305\u62ec\u4f46\u4e0d\u9650\u65bc\uff1a<\/p>\n\n\n\n<ul>\n<li>A) \u4e0d\u53c3\u8207\u975e\u6cd5\u6216\u9055\u53cd\u8aa0\u4fe1\u548c\u793e\u6703\u79e9\u5e8f\u7684\u6d3b\u52d5\uff1b<\/li>\n\n\n\n<li>B) \u4e0d\u5f97\u6563\u64ad\u7a2e\u65cf\u4e3b\u7fa9\u3001\u4ec7\u5916\u5fc3\u7406\u3001\u8ced\u535a\u6216\u535a\u5f08\u6027\u8cea\u3001\u975e\u6cd5\u8272\u60c5\u3001\u6050\u6016\u4e3b\u7fa9\u6216\u9055\u53cd\u4eba\u6b0a\u7684\u5ba3\u50b3\u6216\u5167\u5bb9\uff1b<\/li>\n\n\n\n<li>C) \u4e0d\u5c0dRosstylepro\u3001\u5176\u4f9b\u61c9\u5546\u6216\u7b2c\u4e09\u65b9\u7684\u5be6\u9ad4\uff08\u786c\u9ad4\uff09\u548c\u908f\u8f2f\uff08\u8edf\u9ad4\uff09\u7cfb\u7d71\u9020\u6210\u640d\u5bb3\uff0c\u4e5f\u4e0d\u5f15\u5165\u6216\u50b3\u64ad\u96fb\u8166\u75c5\u6bd2\u6216\u5176\u4ed6\u53ef\u80fd\u9020\u6210\u4e0a\u8ff0\u640d\u5bb3\u7684\u786c\u9ad4\u6216\u8edf\u9ad4\u7cfb\u7d71\u3002<\/li>\n<\/ul>\n\n\n\n<h2 class=\"wp-block-heading\">\u963b\u6b62 Cookie\uff1a<\/h2>\n\n\n\n<p>\u4f7f\u7528\u8005\u53ef\u4ee5\u96a8\u6642\u5c01\u9396\u548c\/\u6216\u505c\u7528\u4f86\u81ea\u4efb\u4f55\u7db2\u7ad9\uff08\u5305\u62ec\u6211\u5011\u7684\u7db2\u7ad9\uff09\u7684 cookie\u3002\u82e5\u8981\u57f7\u884c\u6b64\u6d41\u7a0b\uff0c\u8acb\u9020\u8a2a\u60a8\u7684\u700f\u89bd\u5668\u8a2d\u5b9a\u3002\u8acb\u53c3\u95b1\u4ee5\u4e0b\u4e3b\u8981\u700f\u89bd\u5668\u7684\u8aaa\u660e\u6307\u5357\uff1a<\/p>\n\n\n\n<ul>\n<li><a href=\"https:\/\/support.google.com\/accounts\/answer\/61416?hl=en\"><em>\u8c37\u6b4c\u700f\u89bd\u5668<\/em><\/a><\/li>\n\n\n\n<li><a href=\"https:\/\/support.mozilla.org\/en-US\/kb\/enhanced-tracking-protection-firefox-desktop?redirectlocale=en-US&amp;redirectslug=enable-and-disable-cookies-website-preferences\"><em>\u706b\u72d0<\/em><\/a><\/li>\n\n\n\n<li><a href=\"https:\/\/support.microsoft.com\/pt-br\/windows\/excluir-e-gerenciar-cookies-168dab11-0753-043d-7c16-ede5947fc64d\"><em>\u5fae\u8edf Edge<\/em><\/a><\/li>\n\n\n\n<li><a href=\"https:\/\/blogs.opera.com\/news\/2015\/08\/how-to-manage-cookies-in-opera\/\"><em>\u6b4c\u5287<\/em><\/a><\/li>\n\n\n\n<li><a href=\"https:\/\/support.apple.com\/pt-br\/guide\/safari\/sfri11471\/mac\"><em>Safari<\/em><\/a><\/li>\n<\/ul>\n\n\n\n<h2 class=\"wp-block-heading\">\u66f4\u591a\u8cc7\u8a0a<\/h2>\n\n\n\n<p>\u5e0c\u671b\u9019\u53ef\u4ee5\u6d88\u9664\u60a8\u7684\u7591\u616e\uff0c\u4e26\u4e14\u5982\u524d\u6240\u8ff0\uff0c\u5982\u679c\u60a8\u4e0d\u78ba\u5b9a\u662f\u5426\u9700\u8981\u67d0\u4e9b\u6771\u897f\uff0c\u90a3\u9ebc\u5728\u60a8\u8207\u6211\u5011\u7db2\u7ad9\u4e0a\u4f7f\u7528\u7684\u4efb\u4f55\u529f\u80fd\u9032\u884c\u4e92\u52d5\u6642\uff0c\u901a\u5e38\u66f4\u5b89\u5168\u7684\u505a\u6cd5\u662f\u4fdd\u6301 cookie \u8655\u65bc\u555f\u7528\u72c0\u614b\u3002<\/p>\n\n\n\n<p>\u672c\u653f\u7b56\u81ea 2024 \u5e74 4 \u6708\u8d77\u751f\u6548\u3002<\/p>","protected":false},"excerpt":{"rendered":"<p>\u6211\u5011\u975e\u5e38\u91cd\u8996\u60a8\u7684\u96b1\u79c1\u6b0a\u3002 Rosstylepro \u5236\u5b9a\u4e86\u4e00\u9805\u653f\u7b56\uff0c\u5373\u5c0a\u91cd\u60a8\u7684\u96b1\u79c1\uff0c\u6211\u5011\u53ef\u80fd\u6703\u5728 Rosstylepro \u7db2\u7ad9\u4ee5\u53ca\u6211\u5011\u64c1\u6709\u548c\u7d93\u71df\u7684\u5176\u4ed6\u7db2\u7ad9\u4e0a\u6536\u96c6\u60a8\u7684\u4efb\u4f55\u8cc7\u8a0a\u3002\u6211\u5011\u50c5\u5728\u771f\u6b63\u9700\u8981\u70ba\u60a8\u63d0\u4f9b\u670d\u52d9\u6642\u624d\u8981\u6c42\u60a8\u63d0\u4f9b\u500b\u4eba\u8cc7\u8a0a\u3002\u6211\u5011\u6703\u516c\u5e73\u5408\u6cd5\u5730\u8655\u7406\u60a8\u7684\u8a0a\u606f\uff0c\u4e26\u78ba\u4fdd\u60a8 [\u2026]<\/p>","protected":false},"author":38,"featured_media":0,"parent":0,"menu_order":0,"comment_status":"closed","ping_status":"closed","template":"page-nosidebar.php","meta":{"footnotes":""},"yoast_head":"<!-- This site is optimized with the Yoast SEO plugin v23.3 - https:\/\/yoast.com\/wordpress\/plugins\/seo\/ -->\n<title>Pol\u00edtica de privacidad<\/title>\n<meta name=\"description\" content=\"Pol\u00edtica de privacidad, Tu privacidad es importante para nosotros. En Rosstylepro tenemos la pol\u00edtica de respetar tu privacidad en re...\" \/>\n<meta name=\"robots\" content=\"index, follow, max-snippet:-1, max-image-preview:large, max-video-preview:-1\" \/>\n<link rel=\"canonical\" href=\"https:\/\/rosstylepro.com\/zh\/politica-de-privacidad\/\" \/>\n<meta property=\"og:locale\" content=\"zh_TW\" \/>\n<meta property=\"og:type\" content=\"article\" \/>\n<meta property=\"og:title\" content=\"Pol\u00edtica de privacidad\" \/>\n<meta property=\"og:description\" content=\"Pol\u00edtica de privacidad, Tu privacidad es importante para nosotros. En Rosstylepro tenemos la pol\u00edtica de respetar tu privacidad en re...\" \/>\n<meta property=\"og:url\" content=\"https:\/\/rosstylepro.com\/zh\/politica-de-privacidad\/\" \/>\n<meta property=\"og:site_name\" content=\"RosstylePRO\" \/>\n<meta property=\"article:modified_time\" content=\"2025-01-17T16:25:36+00:00\" \/>\n<meta name=\"twitter:card\" content=\"summary_large_image\" \/>\n<meta name=\"twitter:label1\" content=\"Est. reading time\" \/>\n\t<meta name=\"twitter:data1\" content=\"8 \u5206\u9418\" \/>\n<script type=\"application\/ld+json\" class=\"yoast-schema-graph\">{\"@context\":\"https:\/\/schema.org\",\"@graph\":[{\"@type\":\"WebPage\",\"@id\":\"https:\/\/rosstylepro.com\/politica-de-privacidad\/\",\"url\":\"https:\/\/rosstylepro.com\/politica-de-privacidad\/\",\"name\":\"Pol\u00edtica de privacidad\",\"isPartOf\":{\"@id\":\"https:\/\/rosstylepro.com\/en\/#website\"},\"datePublished\":\"2024-05-02T15:17:37+00:00\",\"dateModified\":\"2025-01-17T16:25:36+00:00\",\"description\":\"Pol\u00edtica de privacidad, Tu privacidad es importante para nosotros. En Rosstylepro tenemos la pol\u00edtica de respetar tu privacidad en re...\",\"breadcrumb\":{\"@id\":\"https:\/\/rosstylepro.com\/politica-de-privacidad\/#breadcrumb\"},\"inLanguage\":\"zh-TW\",\"potentialAction\":[{\"@type\":\"ReadAction\",\"target\":[\"https:\/\/rosstylepro.com\/politica-de-privacidad\/\"]}]},{\"@type\":\"BreadcrumbList\",\"@id\":\"https:\/\/rosstylepro.com\/politica-de-privacidad\/#breadcrumb\",\"itemListElement\":[{\"@type\":\"ListItem\",\"position\":1,\"name\":\"Home\",\"item\":\"https:\/\/rosstylepro.com\/\"},{\"@type\":\"ListItem\",\"position\":2,\"name\":\"Pol\u00edtica de privacidad\"}]},{\"@type\":\"WebSite\",\"@id\":\"https:\/\/rosstylepro.com\/en\/#website\",\"url\":\"https:\/\/rosstylepro.com\/en\/\",\"name\":\"RosstylePRO\",\"description\":\"\",\"potentialAction\":[{\"@type\":\"SearchAction\",\"target\":{\"@type\":\"EntryPoint\",\"urlTemplate\":\"https:\/\/rosstylepro.com\/en\/?s={search_term_string}\"},\"query-input\":\"required name=search_term_string\"}],\"inLanguage\":\"zh-TW\"}]}<\/script>\n<!-- \/ Yoast SEO plugin. -->","yoast_head_json":{"title":"Pol\u00edtica de privacidad","description":"Pol\u00edtica de privacidad, Tu privacidad es importante para nosotros. En Rosstylepro tenemos la pol\u00edtica de respetar tu privacidad en re...","robots":{"index":"index","follow":"follow","max-snippet":"max-snippet:-1","max-image-preview":"max-image-preview:large","max-video-preview":"max-video-preview:-1"},"canonical":"https:\/\/rosstylepro.com\/zh\/politica-de-privacidad\/","og_locale":"zh_TW","og_type":"article","og_title":"Pol\u00edtica de privacidad","og_description":"Pol\u00edtica de privacidad, Tu privacidad es importante para nosotros. En Rosstylepro tenemos la pol\u00edtica de respetar tu privacidad en re...","og_url":"https:\/\/rosstylepro.com\/zh\/politica-de-privacidad\/","og_site_name":"RosstylePRO","article_modified_time":"2025-01-17T16:25:36+00:00","twitter_card":"summary_large_image","twitter_misc":{"Est. reading time":"8 \u5206\u9418"},"schema":{"@context":"https:\/\/schema.org","@graph":[{"@type":"WebPage","@id":"https:\/\/rosstylepro.com\/politica-de-privacidad\/","url":"https:\/\/rosstylepro.com\/politica-de-privacidad\/","name":"Pol\u00edtica de privacidad","isPartOf":{"@id":"https:\/\/rosstylepro.com\/en\/#website"},"datePublished":"2024-05-02T15:17:37+00:00","dateModified":"2025-01-17T16:25:36+00:00","description":"Pol\u00edtica de privacidad, Tu privacidad es importante para nosotros. En Rosstylepro tenemos la pol\u00edtica de respetar tu privacidad en re...","breadcrumb":{"@id":"https:\/\/rosstylepro.com\/politica-de-privacidad\/#breadcrumb"},"inLanguage":"zh-TW","potentialAction":[{"@type":"ReadAction","target":["https:\/\/rosstylepro.com\/politica-de-privacidad\/"]}]},{"@type":"BreadcrumbList","@id":"https:\/\/rosstylepro.com\/politica-de-privacidad\/#breadcrumb","itemListElement":[{"@type":"ListItem","position":1,"name":"Home","item":"https:\/\/rosstylepro.com\/"},{"@type":"ListItem","position":2,"name":"Pol\u00edtica de privacidad"}]},{"@type":"WebSite","@id":"https:\/\/rosstylepro.com\/en\/#website","url":"https:\/\/rosstylepro.com\/en\/","name":"RosstylePRO","description":"","potentialAction":[{"@type":"SearchAction","target":{"@type":"EntryPoint","urlTemplate":"https:\/\/rosstylepro.com\/en\/?s={search_term_string}"},"query-input":"required name=search_term_string"}],"inLanguage":"zh-TW"}]}},"_links":{"self":[{"href":"https:\/\/rosstylepro.com\/zh\/wp-json\/wp\/v2\/pages\/66"}],"collection":[{"href":"https:\/\/rosstylepro.com\/zh\/wp-json\/wp\/v2\/pages"}],"about":[{"href":"https:\/\/rosstylepro.com\/zh\/wp-json\/wp\/v2\/types\/page"}],"author":[{"embeddable":true,"href":"https:\/\/rosstylepro.com\/zh\/wp-json\/wp\/v2\/users\/38"}],"replies":[{"embeddable":true,"href":"https:\/\/rosstylepro.com\/zh\/wp-json\/wp\/v2\/comments?post=66"}],"version-history":[{"count":1,"href":"https:\/\/rosstylepro.com\/zh\/wp-json\/wp\/v2\/pages\/66\/revisions"}],"predecessor-version":[{"id":1563,"href":"https:\/\/rosstylepro.com\/zh\/wp-json\/wp\/v2\/pages\/66\/revisions\/1563"}],"wp:attachment":[{"href":"https:\/\/rosstylepro.com\/zh\/wp-json\/wp\/v2\/media?parent=66"}],"curies":[{"name":"wp","href":"https:\/\/api.w.org\/{rel}","templated":true}]}}