{"id":69,"date":"2024-05-02T12:20:15","date_gmt":"2024-05-02T15:20:15","guid":{"rendered":"https:\/\/rosstylepro.com\/?page_id=69"},"modified":"2025-01-17T16:25:36","modified_gmt":"2025-01-17T16:25:36","slug":"politica-de-cookies","status":"publish","type":"page","link":"https:\/\/rosstylepro.com\/zh\/politica-de-cookies\/","title":{"rendered":"Cookie \u653f\u7b56"},"content":{"rendered":"<p>Rosstylepro \u5728\u5176\u7db2\u7ad9 rosstylepro.com \u4e0a\u4f7f\u7528 cookie\u3002\u63a5\u53d7\u6211\u5011\u7684 Cookie \u653f\u7b56\uff0c\u5373\u8868\u793a\u60a8\u540c\u610f\u4f9d\u7167\u672c\u653f\u7b56\u4f7f\u7528 Cookie\u3002\u5982\u679c\u60a8\u4e0d\u540c\u610f\u4f7f\u7528 cookie\uff0c\u6211\u5011\u5efa\u8b70\u60a8\u8abf\u6574\u700f\u89bd\u5668\u8a2d\u5b9a\u6216\u505c\u6b62\u4f7f\u7528\u6211\u5011\u7684\u7db2\u7ad9\u3002<\/p>\n\n\n\n<h2 class=\"wp-block-heading\">\u4ec0\u9ebc\u662f Cookies\uff1f<\/h2>\n\n\n\n<p>Cookie \u662f\u7576\u60a8\u9020\u8a2a\u7db2\u7ad9\u6642\u7db2\u7ad9\u5132\u5b58\u5728\u60a8\u7684\u88dd\u7f6e\u4e0a\u7684\u5c0f\u578b\u6587\u5b57\u6a94\u6848\u3002\u9019\u4e9b\u6587\u4ef6\u5305\u542b\u7db2\u7ad9\u53ef\u4ee5\u6aa2\u7d22\u7528\u65bc\u5404\u7a2e\u76ee\u7684\u7684\u4fe1\u606f\uff0c\u4f8b\u5982\u8a18\u4f4f\u60a8\u7684\u8a9e\u8a00\u504f\u597d\u3001\u512a\u5316\u60a8\u7684\u700f\u89bd\u9ad4\u9a57\u4ee5\u53ca\u6536\u96c6\u6709\u95dc\u7db2\u7ad9\u4f7f\u7528\u60c5\u6cc1\u7684\u4fe1\u606f\u3002<\/p>\n\n\n\n<h2 class=\"wp-block-heading\">\u4f7f\u7528\u7684 Cookie \u985e\u578b<\/h2>\n\n\n\n<h3 class=\"wp-block-heading\">\u5fc5\u8981\u7684 Cookie<\/h3>\n\n\n\n<p>\u9019\u4e9b cookie \u5c0d\u65bc\u7db2\u7ad9\u7684\u904b\u4f5c\u81f3\u95dc\u91cd\u8981\uff0c\u4e26\u4e14\u7121\u6cd5\u5728\u6211\u5011\u7684\u7cfb\u7d71\u4e2d\u505c\u7528\u3002\u5b83\u5011\u901a\u5e38\u50c5\u97ff\u61c9\u60a8\u6240\u505a\u7684\u76f8\u7576\u65bc\u670d\u52d9\u8acb\u6c42\u7684\u64cd\u4f5c\u800c\u8a2d\u7f6e\uff0c\u4f8b\u5982\u8a2d\u5b9a\u60a8\u7684\u96b1\u79c1\u504f\u597d\u3001\u767b\u5165\u6216\u586b\u5beb\u8868\u683c\u3002<\/p>\n\n\n\n<h3 class=\"wp-block-heading\">\u6548\u80fd Cookie<\/h3>\n\n\n\n<p>\u9019\u4e9b cookie \u900f\u904e\u63d0\u4f9b\u6709\u95dc\u8a2a\u554f\u5340\u57df\u3001\u5728\u7db2\u7ad9\u4e0a\u82b1\u8cbb\u7684\u6642\u9593\u4ee5\u53ca\u9047\u5230\u7684\u4efb\u4f55\u554f\u984c\uff08\u4f8b\u5982\u932f\u8aa4\u8a0a\u606f\uff09\u7684\u4fe1\u606f\uff0c\u5e6b\u52a9\u6211\u5011\u4e86\u89e3\u8a2a\u5ba2\u5982\u4f55\u8207\u6211\u5011\u7684\u7db2\u7ad9\u4e92\u52d5\u3002\u9019\u6709\u52a9\u65bc\u6211\u5011\u63d0\u9ad8\u7db2\u7ad9\u6548\u80fd\u4e26\u589e\u5f37\u60a8\u7684\u7528\u6236\u9ad4\u9a57\u3002<\/p>\n\n\n\n<h3 class=\"wp-block-heading\">\u529f\u80fd Cookie<\/h3>\n\n\n\n<p>\u9019\u4e9b cookie \u5141\u8a31\u7db2\u7ad9\u8a18\u4f4f\u60a8\u6240\u505a\u7684\u9078\u64c7\uff0c\u4f8b\u5982\u60a8\u7684\u4f7f\u7528\u8005\u540d\u7a31\u3001\u8a9e\u8a00\u6216\u5730\u5340\uff0c\u4e26\u63d0\u4f9b\u589e\u5f37\u7684\u3001\u66f4\u500b\u4eba\u5316\u7684\u529f\u80fd\u3002\u5b83\u5011\u4e5f\u53ef\u7528\u65bc\u63d0\u4f9b\u6240\u8981\u6c42\u7684\u670d\u52d9\uff0c\u4f8b\u5982\u89c0\u770b\u5f71\u7247\u6216\u8a55\u8ad6\u90e8\u843d\u683c\u3002<\/p>\n\n\n\n<h3 class=\"wp-block-heading\">\u5ee3\u544a Cookie<\/h3>\n\n\n\n<p>\u9019\u4e9b cookie \u7528\u65bc\u63d0\u4f9b\u8207\u60a8\u548c\u60a8\u7684\u8208\u8da3\u66f4\u76f8\u95dc\u7684\u5ee3\u544a\u3002\u5b83\u5011\u4e5f\u7528\u65bc\u9650\u5236\u60a8\u770b\u5230\u5ee3\u544a\u7684\u6b21\u6578\u4e26\u5e6b\u52a9\u8861\u91cf\u5ee3\u544a\u6d3b\u52d5\u7684\u6709\u6548\u6027\u3002<\/p>\n\n\n\n<h2 class=\"wp-block-heading\">Cookie \u7ba1\u7406<\/h2>\n\n\n\n<p>\u7576\u60a8\u7b2c\u4e00\u6b21\u9020\u8a2a\u6211\u5011\u7684\u7db2\u7ad9\u6642\uff0c\u60a8\u5c07\u88ab\u544a\u77e5\u6709\u95dc cookie \u7684\u4f7f\u7528\u60c5\u6cc1\uff0c\u4e26\u53ef\u4ee5\u9078\u64c7\u540c\u610f\u5176\u4f7f\u7528\u3002\u60a8\u4e5f\u53ef\u4ee5\u5728\u700f\u89bd\u5668\u8a2d\u5b9a\u4e2d\u63a7\u5236\u548c\u7ba1\u7406 cookie\u3002\u8acb\u6ce8\u610f\uff0c\u505c\u7528\u67d0\u4e9b\u985e\u578b\u7684 cookie \u53ef\u80fd\u6703\u5f71\u97ff\u7db2\u7ad9\u7684\u529f\u80fd\u548c\u60a8\u7684\u4f7f\u7528\u8005\u9ad4\u9a57\u3002<\/p>\n\n\n\n<h2 class=\"wp-block-heading\">\u672c\u653f\u7b56\u7684\u8b8a\u66f4<\/h2>\n\n\n\n<p>\u6211\u5011\u53ef\u80fd\u6703\u5b9a\u671f\u66f4\u65b0\u6b64 cookie \u653f\u7b56\uff0c\u4ee5\u53cd\u6620\u6211\u5011\u7684 cookie \u4f7f\u7528\u5be6\u52d9\u7684\u8b8a\u5316\u3002\u6211\u5011\u5efa\u8b70\u60a8\u5b9a\u671f\u67e5\u770b\u6b64\u653f\u7b56\u4ee5\u4e86\u89e3\u4efb\u4f55\u8b8a\u66f4\u3002<\/p>\n\n\n\n<p>\u5728\u9019\u4e9b\u8b8a\u66f4\u4e4b\u5f8c\u7e7c\u7e8c\u4f7f\u7528\u6211\u5011\u7684\u7db2\u7ad9\uff0c\u5373\u8868\u793a\u60a8\u540c\u610f\u6309\u7167\u4fee\u8a02\u5f8c\u7684\u653f\u7b56\u4f7f\u7528 cookie\u3002<\/p>\n\n\n\n<h2 class=\"wp-block-heading\">\u63a5\u89f8<\/h2>\n\n\n\n<p>\u5982\u679c\u60a8\u5c0d\u6211\u5011\u7684 Cookie \u653f\u7b56\u6216\u6211\u5011\u7db2\u7ad9\u4e0a Cookie \u7684\u4f7f\u7528\u6709\u4efb\u4f55\u7591\u554f\uff0c\u8acb\u900f\u904e\u96fb\u5b50\u90f5\u4ef6\u8207\u6211\u5011\u806f\u7d61\uff1a\u00a0<a>contacto@rosstylepro.com<\/a>.<\/p>","protected":false},"excerpt":{"rendered":"<p>Rosstylepro \u5728\u5176\u7db2\u7ad9 rosstylepro.com \u4e0a\u4f7f\u7528 Cookie\u3002\u63a5\u53d7\u6211\u5011\u7684 Cookie \u653f\u7b56\uff0c\u5373\u8868\u793a\u60a8\u540c\u610f\u6211\u5011\u6839\u64da\u672c\u653f\u7b56\u4f7f\u7528 Cookie\u3002\u5982\u679c\u60a8\u4e0d\u540c\u610f\u4f7f\u7528 Cookie\uff0c\u6211\u5011\u5efa\u8b70\u60a8\u8abf\u6574\u700f\u89bd\u5668\u8a2d\u5b9a\u6216\u505c\u6b62\u4f7f\u7528\u6211\u5011\u7684\u7db2\u7ad9\u3002\u4ec0\u9ebc\u662f Cookie\uff1f [\u2026]<\/p>","protected":false},"author":38,"featured_media":0,"parent":0,"menu_order":0,"comment_status":"closed","ping_status":"closed","template":"page-nosidebar.php","meta":{"footnotes":""},"yoast_head":"<!-- This site is optimized with the Yoast SEO plugin v23.3 - https:\/\/yoast.com\/wordpress\/plugins\/seo\/ -->\n<title>Pol\u00edtica de Cookies<\/title>\n<meta name=\"description\" content=\"Pol\u00edtica de Cookies, Rosstylepro utiliza cookies en su sitio web rosstylepro.com. Al aceptar nuestra Pol\u00edtica de Cookies, usted acepta el ...\" \/>\n<meta name=\"robots\" content=\"index, follow, max-snippet:-1, max-image-preview:large, max-video-preview:-1\" \/>\n<link rel=\"canonical\" href=\"https:\/\/rosstylepro.com\/zh\/politica-de-cookies\/\" \/>\n<meta property=\"og:locale\" content=\"zh_TW\" \/>\n<meta property=\"og:type\" content=\"article\" \/>\n<meta property=\"og:title\" content=\"Pol\u00edtica de Cookies\" \/>\n<meta property=\"og:description\" content=\"Pol\u00edtica de Cookies, Rosstylepro utiliza cookies en su sitio web rosstylepro.com. Al aceptar nuestra Pol\u00edtica de Cookies, usted acepta el ...\" \/>\n<meta property=\"og:url\" content=\"https:\/\/rosstylepro.com\/zh\/politica-de-cookies\/\" \/>\n<meta property=\"og:site_name\" content=\"RosstylePRO\" \/>\n<meta property=\"article:modified_time\" content=\"2025-01-17T16:25:36+00:00\" \/>\n<meta name=\"twitter:card\" content=\"summary_large_image\" \/>\n<meta name=\"twitter:label1\" content=\"Est. reading time\" \/>\n\t<meta name=\"twitter:data1\" content=\"3 \u5206\u9418\" \/>\n<script type=\"application\/ld+json\" class=\"yoast-schema-graph\">{\"@context\":\"https:\/\/schema.org\",\"@graph\":[{\"@type\":\"WebPage\",\"@id\":\"https:\/\/rosstylepro.com\/politica-de-cookies\/\",\"url\":\"https:\/\/rosstylepro.com\/politica-de-cookies\/\",\"name\":\"Pol\u00edtica de Cookies\",\"isPartOf\":{\"@id\":\"https:\/\/rosstylepro.com\/en\/#website\"},\"datePublished\":\"2024-05-02T15:20:15+00:00\",\"dateModified\":\"2025-01-17T16:25:36+00:00\",\"description\":\"Pol\u00edtica de Cookies, Rosstylepro utiliza cookies en su sitio web rosstylepro.com. Al aceptar nuestra Pol\u00edtica de Cookies, usted acepta el ...\",\"breadcrumb\":{\"@id\":\"https:\/\/rosstylepro.com\/politica-de-cookies\/#breadcrumb\"},\"inLanguage\":\"zh-TW\",\"potentialAction\":[{\"@type\":\"ReadAction\",\"target\":[\"https:\/\/rosstylepro.com\/politica-de-cookies\/\"]}]},{\"@type\":\"BreadcrumbList\",\"@id\":\"https:\/\/rosstylepro.com\/politica-de-cookies\/#breadcrumb\",\"itemListElement\":[{\"@type\":\"ListItem\",\"position\":1,\"name\":\"Home\",\"item\":\"https:\/\/rosstylepro.com\/\"},{\"@type\":\"ListItem\",\"position\":2,\"name\":\"Pol\u00edtica de Cookies\"}]},{\"@type\":\"WebSite\",\"@id\":\"https:\/\/rosstylepro.com\/en\/#website\",\"url\":\"https:\/\/rosstylepro.com\/en\/\",\"name\":\"RosstylePRO\",\"description\":\"\",\"potentialAction\":[{\"@type\":\"SearchAction\",\"target\":{\"@type\":\"EntryPoint\",\"urlTemplate\":\"https:\/\/rosstylepro.com\/en\/?s={search_term_string}\"},\"query-input\":\"required name=search_term_string\"}],\"inLanguage\":\"zh-TW\"}]}<\/script>\n<!-- \/ Yoast SEO plugin. -->","yoast_head_json":{"title":"Pol\u00edtica de Cookies","description":"Pol\u00edtica de Cookies, Rosstylepro utiliza cookies en su sitio web rosstylepro.com. Al aceptar nuestra Pol\u00edtica de Cookies, usted acepta el ...","robots":{"index":"index","follow":"follow","max-snippet":"max-snippet:-1","max-image-preview":"max-image-preview:large","max-video-preview":"max-video-preview:-1"},"canonical":"https:\/\/rosstylepro.com\/zh\/politica-de-cookies\/","og_locale":"zh_TW","og_type":"article","og_title":"Pol\u00edtica de Cookies","og_description":"Pol\u00edtica de Cookies, Rosstylepro utiliza cookies en su sitio web rosstylepro.com. Al aceptar nuestra Pol\u00edtica de Cookies, usted acepta el ...","og_url":"https:\/\/rosstylepro.com\/zh\/politica-de-cookies\/","og_site_name":"RosstylePRO","article_modified_time":"2025-01-17T16:25:36+00:00","twitter_card":"summary_large_image","twitter_misc":{"Est. reading time":"3 \u5206\u9418"},"schema":{"@context":"https:\/\/schema.org","@graph":[{"@type":"WebPage","@id":"https:\/\/rosstylepro.com\/politica-de-cookies\/","url":"https:\/\/rosstylepro.com\/politica-de-cookies\/","name":"Pol\u00edtica de Cookies","isPartOf":{"@id":"https:\/\/rosstylepro.com\/en\/#website"},"datePublished":"2024-05-02T15:20:15+00:00","dateModified":"2025-01-17T16:25:36+00:00","description":"Pol\u00edtica de Cookies, Rosstylepro utiliza cookies en su sitio web rosstylepro.com. Al aceptar nuestra Pol\u00edtica de Cookies, usted acepta el ...","breadcrumb":{"@id":"https:\/\/rosstylepro.com\/politica-de-cookies\/#breadcrumb"},"inLanguage":"zh-TW","potentialAction":[{"@type":"ReadAction","target":["https:\/\/rosstylepro.com\/politica-de-cookies\/"]}]},{"@type":"BreadcrumbList","@id":"https:\/\/rosstylepro.com\/politica-de-cookies\/#breadcrumb","itemListElement":[{"@type":"ListItem","position":1,"name":"Home","item":"https:\/\/rosstylepro.com\/"},{"@type":"ListItem","position":2,"name":"Pol\u00edtica de Cookies"}]},{"@type":"WebSite","@id":"https:\/\/rosstylepro.com\/en\/#website","url":"https:\/\/rosstylepro.com\/en\/","name":"RosstylePRO","description":"","potentialAction":[{"@type":"SearchAction","target":{"@type":"EntryPoint","urlTemplate":"https:\/\/rosstylepro.com\/en\/?s={search_term_string}"},"query-input":"required name=search_term_string"}],"inLanguage":"zh-TW"}]}},"_links":{"self":[{"href":"https:\/\/rosstylepro.com\/zh\/wp-json\/wp\/v2\/pages\/69"}],"collection":[{"href":"https:\/\/rosstylepro.com\/zh\/wp-json\/wp\/v2\/pages"}],"about":[{"href":"https:\/\/rosstylepro.com\/zh\/wp-json\/wp\/v2\/types\/page"}],"author":[{"embeddable":true,"href":"https:\/\/rosstylepro.com\/zh\/wp-json\/wp\/v2\/users\/38"}],"replies":[{"embeddable":true,"href":"https:\/\/rosstylepro.com\/zh\/wp-json\/wp\/v2\/comments?post=69"}],"version-history":[{"count":1,"href":"https:\/\/rosstylepro.com\/zh\/wp-json\/wp\/v2\/pages\/69\/revisions"}],"predecessor-version":[{"id":1562,"href":"https:\/\/rosstylepro.com\/zh\/wp-json\/wp\/v2\/pages\/69\/revisions\/1562"}],"wp:attachment":[{"href":"https:\/\/rosstylepro.com\/zh\/wp-json\/wp\/v2\/media?parent=69"}],"curies":[{"name":"wp","href":"https:\/\/api.w.org\/{rel}","templated":true}]}}