{"id":71,"date":"2024-05-02T12:36:23","date_gmt":"2024-05-02T15:36:23","guid":{"rendered":"https:\/\/rosstylepro.com\/?page_id=71"},"modified":"2025-01-17T16:25:36","modified_gmt":"2025-01-17T16:25:36","slug":"sobre-nosotros","status":"publish","type":"page","link":"https:\/\/rosstylepro.com\/zh\/sobre-nosotros\/","title":{"rendered":"\u95dc\u65bc\u6211\u5011"},"content":{"rendered":"<p><br>\u6b61\u8fce\u4f86\u5230 Rosstylepro\uff0c\u9019\u662f\u4e00\u500b\u65e8\u5728\u6176\u795d\u597d\u5947\u5fc3\u3001\u63a2\u7d22\u5275\u65b0\u548c\u5206\u4eab\u5ee3\u95ca\u7684\u79d1\u6280\u548c\u5a1b\u6a02\u4e16\u754c\u4e2d\u7684\u7368\u7279\u9ad4\u9a57\u7684\u6578\u4f4d\u7a7a\u9593\u3002 Rosstylepro \u7531 Kirito \u548c New \u4ee5\u53ca\u4e00\u652f\u7531 10 \u591a\u540d\u656c\u696d\u5408\u4f5c\u8005\u7d44\u6210\u7684\u5718\u968a\u5275\u7acb\uff0c\u5176\u8a95\u751f\u6e90\u65bc\u5c0d\u9336\u9054\u7684\u9700\u6c42\u4ee5\u53ca\u5728\u6280\u8853\u8207\u6c89\u6d78\u5f0f\u6558\u4e8b\u7684\u4ea4\u532f\u8655\u63a2\u7d22\u65b0\u8996\u91ce\u7684\u71b1\u60c5\u3002<\/p>\n\n\n\n<h3 class=\"wp-block-heading\">\u6211\u5011\u7684\u6b77\u53f2\u548c\u76ee\u6a19<\/h3>\n\n\n\n<p>\u4e00\u5207\u59cb\u65bc\u4e00\u500b\u7c21\u55ae\u7684\u60f3\u6cd5\uff1a\u63d0\u4f9b\u4e00\u500b\u53ef\u4ee5\u6fc0\u767c\u597d\u5947\u5fc3\u7684\u5e73\u53f0\u3002\u96a8\u8457\u6642\u9593\u7684\u63a8\u79fb\uff0c\u6211\u5011\u610f\u8b58\u5230\u9019\u4e0d\u50c5\u50c5\u662f\u5c55\u793a\u61c9\u7528\u7a0b\u5f0f\u6216\u6280\u8853\uff0c\u800c\u662f\u8b1b\u8ff0\u80fd\u5920\u6fc0\u52f5\u8b80\u8005\u7684\u6c89\u6d78\u5f0f\u6545\u4e8b\u3002\u56e0\u6b64\uff0c\u6211\u5011\u7684\u4f7f\u547d\u5f62\u6210\u4e86\uff1a\u8207\u5145\u6eff\u6d3b\u529b\u548c\u53c3\u8207\u5ea6\u7684\u793e\u5340\u8b1b\u8ff0\u6545\u4e8b\u3001\u5c55\u793a\u5275\u65b0\u4e26\u5206\u4eab\u6709\u610f\u7fa9\u7684\u7d93\u9a57\u3002<\/p>\n\n\n\n<h3 class=\"wp-block-heading\">Rosstylepro \u7684\u9748\u9b42\uff1a\u6211\u5011\u7684\u793e\u5340<\/h3>\n\n\n\n<p>\u6211\u5011\u8a8d\u8b58\u5230\uff0c\u5982\u679c\u6c92\u6709\u6211\u5011\u7684\u793e\u5340\uff0cRosstylepro \u5c31\u4e0d\u6703\u64c1\u6709\u4eca\u5929\u7684\u6210\u5c31\u3002\u6211\u5011\u91cd\u8996\u6bcf\u4e00\u4f4d\u6210\u54e1\uff0c\u4e26\u52aa\u529b\u5275\u9020\u4e00\u500b\u5305\u5bb9\u548c\u5354\u4f5c\u7684\u74b0\u5883\uff0c\u8b93\u6bcf\u500b\u4eba\u90fd\u80fd\u5206\u4eab\u60f3\u6cd5\u3001\u610f\u898b\u548c\u767c\u73fe\u3002\u8207\u793e\u7fa4\u7684\u6301\u7e8c\u4e92\u52d5\u6709\u52a9\u65bc\u6211\u5011\u7dad\u6301\u6240\u63d0\u4f9b\u5167\u5bb9\u7684\u76f8\u95dc\u6027\u548c\u54c1\u8cea\u3002<\/p>\n\n\n\n<h3 class=\"wp-block-heading\">\u63a2\u7d22\u65b0\u8996\u91ce\uff1a\u79d1\u6280\u8207\u5a1b\u6a02<\/h3>\n\n\n\n<p>\u96a8\u8457 Rosstylepro \u7684\u767c\u5c55\uff0c\u6211\u5011\u4e5f\u5c0b\u6c42\u5c0d\u79d1\u6280\u548c\u5a1b\u6a02\u7522\u696d\u7522\u751f\u6b63\u9762\u5f71\u97ff\u3002\u6211\u5011\u4e00\u76f4\u5728\u5c0b\u627e\u65b0\u7684\u65b9\u5f0f\u4f86\u5448\u73fe\u5275\u65b0\u548c\u9f13\u821e\u4eba\u5fc3\u7684\u5167\u5bb9\uff0c\u4e26\u4fc3\u9032\u6539\u5584\u4eba\u5011\u751f\u6d3b\u7684\u61c9\u7528\u7a0b\u5f0f\u548c\u6280\u8853\u7684\u767c\u5c55\u3002<\/p>\n\n\n\n<h3 class=\"wp-block-heading\">\u6211\u5011\u5c0d\u54c1\u8cea\u7684\u627f\u8afe<\/h3>\n\n\n\n<p>\u54c1\u8cea\u662f Rosstylepro \u7684\u9996\u8981\u4efb\u52d9\u3002\u70ba\u4e86\u78ba\u4fdd\u6211\u5011\u7684\u5167\u5bb9\u7684\u5353\u8d8a\u6027\uff0c\u6211\u5011\u64c1\u6709\u4e00\u652f\u656c\u696d\u4e14\u7d93\u9a57\u8c50\u5bcc\u7684\u8ca2\u737b\u8005\u5718\u968a\u3002\u6211\u5011\u9032\u884c\u4e86\u5ee3\u6cdb\u7684\u7814\u7a76\uff0c\u53ea\u5c55\u793a\u6211\u5011\u5be6\u969b\u4f7f\u7528\u4e26\u8a8d\u70ba\u8207\u6211\u5011\u7684\u793e\u5340\u76f8\u95dc\u4e14\u6709\u7528\u7684\u5167\u5bb9\u3002<\/p>\n\n\n\n<h3 class=\"wp-block-heading\">\u60a8\u5728 Rosstylepro \u4e0a\u53ef\u4ee5\u627e\u5230\u4ec0\u9ebc<\/h3>\n\n\n\n<p>\u5728\u6211\u5011\u7684\u7db2\u7ad9\u4e0a\uff0c\u6211\u5011\u63d0\u4f9b\u6eff\u8db3\u6240\u6709\u8208\u8da3\u7684\u5ee3\u6cdb\u5167\u5bb9\u3002\u5f9e\u6df1\u5165\u7684\u61c9\u7528\u7a0b\u5f0f\u8a55\u8ad6\u5230\u6280\u8853\u7463\u4e8b\uff0c\u6211\u5011\u7684\u76ee\u6a19\u662f\u63d0\u4f9b\u8d85\u8d8a\u7c21\u55ae\u6280\u8853\u8cc7\u8a0a\u7684\u5168\u9762\u9ad4\u9a57\u3002\u6bcf\u7bc7\u6587\u7ae0\u6216\u5206\u6790\u90fd\u914d\u6709\u5f15\u4eba\u5165\u52dd\u7684\u6558\u8ff0\uff0c\u4f7f\u95b1\u8b80\u9ad4\u9a57\u66f4\u52a0\u5f15\u4eba\u5165\u52dd\u3002<\/p>\n\n\n\n<h3 class=\"wp-block-heading\">\u5a1b\u6a02\u8207\u77e5\u8b58\u878d\u70ba\u4e00\u9ad4<\/h3>\n\n\n\n<p>\u6211\u5011\u76f8\u4fe1\uff0c\u5728 Rosstylepro\uff0c\u5a1b\u6a02\u548c\u77e5\u8b58\u53ef\u4ee5\u9f4a\u982d\u4e26\u9032\u3002\u9019\u5c31\u662f\u70ba\u4ec0\u9ebc\u9664\u4e86\u6280\u8853\u5206\u6790\u548c\u8cc7\u8a0a\u4e4b\u5916\uff0c\u6211\u5011\u9084\u63d0\u4f9b\u5c08\u6ce8\u65bc\u5a1b\u6a02\u548c\u6280\u8853\u4eba\u6027\u5316\u65b9\u9762\u7684\u5167\u5bb9\u3002\u6211\u5011\u5e0c\u671b\u76e1\u4e00\u5207\u53ef\u80fd\u6fc0\u52f5\u3001\u544a\u77e5\u548c\u5a1b\u6a02\u6211\u5011\u7684\u8b80\u8005\u3002<\/p>\n\n\n\n<h3 class=\"wp-block-heading\">Rosstylepro \u7684\u672a\u4f86<\/h3>\n\n\n\n<p>Rosstylepro \u7684\u672a\u4f86\u4ee4\u4eba\u8208\u596e\u4e14\u5145\u6eff\u53ef\u80fd\u6027\u3002\u6211\u5011\u4e00\u76f4\u5728\u5c0b\u627e\u65b0\u7684\u65b9\u5f0f\u4f86\u5275\u65b0\u4e26\u70ba\u6211\u5011\u7684\u793e\u5340\u63d0\u4f9b\u66f4\u597d\u7684\u9ad4\u9a57\u3002\u6211\u5011\u8a08\u5283\u64f4\u5c55\u6211\u5011\u7684\u5167\u5bb9\uff0c\u63a2\u7d22\u65b0\u7684\u4e3b\u984c\uff0c\u4e26\u7e7c\u7e8c\u6210\u70ba\u6240\u6709\u6280\u8853\u611b\u597d\u8005\u503c\u5f97\u4fe1\u8cf4\u7684\u8cc7\u8a0a\u548c\u5a1b\u6a02\u4f86\u6e90\u3002<\/p>\n\n\n\n<h3 class=\"wp-block-heading\">\u806f\u7d61\u6211\u5011\u4e26\u52a0\u5165\u5192\u96aa<\/h3>\n\n\n\n<p>\u6211\u5011\u975e\u5e38\u91cd\u8996\u793e\u7fa4\u7684\u8a55\u8ad6\u3001\u5efa\u8b70\u548c\u60f3\u6cd5\u3002\u5982\u679c\u60a8\u6709\u4efb\u4f55\u554f\u984c\u3001\u610f\u898b\u6216\u60f3\u8207\u6211\u5011\u5206\u4eab\u60a8\u7684\u7d93\u9a57\uff0c\u8acb\u96a8\u6642\u8207\u6211\u5011\u806f\u7d61\u3002\u60a8\u7684\u610f\u898b\u5c0d\u6211\u5011\u81f3\u95dc\u91cd\u8981\uff01<\/p>\n\n\n\n<p>\u611f\u8b1d\u60a8\u53c3\u8207 Rosstylepro \u7684\u5192\u96aa\u4e4b\u65c5\u3002\u6211\u5011\u5171\u540c\u63a2\u7d22\u65b0\u8996\u91ce\uff0c\u6176\u795d\u597d\u5947\u5fc3\u548c\u5275\u65b0\uff0c\u4e26\u5728\u9019\u6bb5\u4ee4\u4eba\u8208\u596e\u7684\u6280\u8853\u548c\u4eba\u985e\u65c5\u7a0b\u4e2d\u7e7c\u7e8c\u76f8\u4e92\u6fc0\u52f5\u3002<\/p>","protected":false},"excerpt":{"rendered":"<p>\u6b61\u8fce\u4f86\u5230 Rosstylepro\uff0c\u4e00\u500b\u65e8\u5728\u6fc0\u767c\u597d\u5947\u5fc3\u3001\u63a2\u7d22\u5275\u65b0\u3001\u5206\u4eab\u5ee3\u95ca\u79d1\u6280\u8207\u5a1b\u6a02\u4e16\u754c\u7368\u7279\u9ad4\u9a57\u7684\u6578\u4f4d\u7a7a\u9593\u3002 Rosstylepro \u7531 Kirito \u548c New \u4ee5\u53ca\u4e00\u652f\u7531 10 \u591a\u4f4d\u656c\u696d\u5408\u4f5c\u8005\u7d44\u6210\u7684\u5718\u968a\u5275\u7acb\uff0c\u6e90\u81ea\u65bc\u5c0d\u9336\u9054\u7684\u6e34\u671b\u548c\u5c0d [\u2026] \u7684\u71b1\u60c5\u3002<\/p>","protected":false},"author":38,"featured_media":0,"parent":0,"menu_order":0,"comment_status":"closed","ping_status":"closed","template":"page-nosidebar.php","meta":{"footnotes":""},"yoast_head":"<!-- This site is optimized with the Yoast SEO plugin v23.3 - https:\/\/yoast.com\/wordpress\/plugins\/seo\/ -->\n<title>Sobre Nosotros - RosstylePRO<\/title>\n<meta name=\"robots\" content=\"index, follow, max-snippet:-1, max-image-preview:large, max-video-preview:-1\" \/>\n<link rel=\"canonical\" href=\"https:\/\/rosstylepro.com\/zh\/sobre-nosotros\/\" \/>\n<meta property=\"og:locale\" content=\"zh_TW\" \/>\n<meta property=\"og:type\" content=\"article\" \/>\n<meta property=\"og:title\" content=\"Sobre Nosotros - RosstylePRO\" \/>\n<meta property=\"og:description\" content=\"Bienvenidos a Rosstylepro, un espacio digital dise\u00f1ado para celebrar la curiosidad, explorar la innovaci\u00f3n y compartir experiencias \u00fanicas en el vasto mundo de la tecnolog\u00eda y el entretenimiento. Fundado por Kirito y New, junto con un equipo de m\u00e1s de 10 colaboradores dedicados, Rosstylepro surgi\u00f3 de la necesidad de expresi\u00f3n y de la pasi\u00f3n por [&hellip;]\" \/>\n<meta property=\"og:url\" content=\"https:\/\/rosstylepro.com\/zh\/sobre-nosotros\/\" \/>\n<meta property=\"og:site_name\" content=\"RosstylePRO\" \/>\n<meta property=\"article:modified_time\" content=\"2025-01-17T16:25:36+00:00\" \/>\n<meta name=\"twitter:card\" content=\"summary_large_image\" \/>\n<meta name=\"twitter:label1\" content=\"Est. reading time\" \/>\n\t<meta name=\"twitter:data1\" content=\"3 \u5206\u9418\" \/>\n<script type=\"application\/ld+json\" class=\"yoast-schema-graph\">{\"@context\":\"https:\/\/schema.org\",\"@graph\":[{\"@type\":\"WebPage\",\"@id\":\"https:\/\/rosstylepro.com\/sobre-nosotros\/\",\"url\":\"https:\/\/rosstylepro.com\/sobre-nosotros\/\",\"name\":\"Sobre Nosotros - RosstylePRO\",\"isPartOf\":{\"@id\":\"https:\/\/rosstylepro.com\/en\/#website\"},\"datePublished\":\"2024-05-02T15:36:23+00:00\",\"dateModified\":\"2025-01-17T16:25:36+00:00\",\"breadcrumb\":{\"@id\":\"https:\/\/rosstylepro.com\/sobre-nosotros\/#breadcrumb\"},\"inLanguage\":\"zh-TW\",\"potentialAction\":[{\"@type\":\"ReadAction\",\"target\":[\"https:\/\/rosstylepro.com\/sobre-nosotros\/\"]}]},{\"@type\":\"BreadcrumbList\",\"@id\":\"https:\/\/rosstylepro.com\/sobre-nosotros\/#breadcrumb\",\"itemListElement\":[{\"@type\":\"ListItem\",\"position\":1,\"name\":\"Home\",\"item\":\"https:\/\/rosstylepro.com\/\"},{\"@type\":\"ListItem\",\"position\":2,\"name\":\"Sobre Nosotros\"}]},{\"@type\":\"WebSite\",\"@id\":\"https:\/\/rosstylepro.com\/en\/#website\",\"url\":\"https:\/\/rosstylepro.com\/en\/\",\"name\":\"RosstylePRO\",\"description\":\"\",\"potentialAction\":[{\"@type\":\"SearchAction\",\"target\":{\"@type\":\"EntryPoint\",\"urlTemplate\":\"https:\/\/rosstylepro.com\/en\/?s={search_term_string}\"},\"query-input\":\"required name=search_term_string\"}],\"inLanguage\":\"zh-TW\"}]}<\/script>\n<!-- \/ Yoast SEO plugin. -->","yoast_head_json":{"title":"Sobre Nosotros - RosstylePRO","robots":{"index":"index","follow":"follow","max-snippet":"max-snippet:-1","max-image-preview":"max-image-preview:large","max-video-preview":"max-video-preview:-1"},"canonical":"https:\/\/rosstylepro.com\/zh\/sobre-nosotros\/","og_locale":"zh_TW","og_type":"article","og_title":"Sobre Nosotros - RosstylePRO","og_description":"Bienvenidos a Rosstylepro, un espacio digital dise\u00f1ado para celebrar la curiosidad, explorar la innovaci\u00f3n y compartir experiencias \u00fanicas en el vasto mundo de la tecnolog\u00eda y el entretenimiento. Fundado por Kirito y New, junto con un equipo de m\u00e1s de 10 colaboradores dedicados, Rosstylepro surgi\u00f3 de la necesidad de expresi\u00f3n y de la pasi\u00f3n por [&hellip;]","og_url":"https:\/\/rosstylepro.com\/zh\/sobre-nosotros\/","og_site_name":"RosstylePRO","article_modified_time":"2025-01-17T16:25:36+00:00","twitter_card":"summary_large_image","twitter_misc":{"Est. reading time":"3 \u5206\u9418"},"schema":{"@context":"https:\/\/schema.org","@graph":[{"@type":"WebPage","@id":"https:\/\/rosstylepro.com\/sobre-nosotros\/","url":"https:\/\/rosstylepro.com\/sobre-nosotros\/","name":"Sobre Nosotros - RosstylePRO","isPartOf":{"@id":"https:\/\/rosstylepro.com\/en\/#website"},"datePublished":"2024-05-02T15:36:23+00:00","dateModified":"2025-01-17T16:25:36+00:00","breadcrumb":{"@id":"https:\/\/rosstylepro.com\/sobre-nosotros\/#breadcrumb"},"inLanguage":"zh-TW","potentialAction":[{"@type":"ReadAction","target":["https:\/\/rosstylepro.com\/sobre-nosotros\/"]}]},{"@type":"BreadcrumbList","@id":"https:\/\/rosstylepro.com\/sobre-nosotros\/#breadcrumb","itemListElement":[{"@type":"ListItem","position":1,"name":"Home","item":"https:\/\/rosstylepro.com\/"},{"@type":"ListItem","position":2,"name":"Sobre Nosotros"}]},{"@type":"WebSite","@id":"https:\/\/rosstylepro.com\/en\/#website","url":"https:\/\/rosstylepro.com\/en\/","name":"RosstylePRO","description":"","potentialAction":[{"@type":"SearchAction","target":{"@type":"EntryPoint","urlTemplate":"https:\/\/rosstylepro.com\/en\/?s={search_term_string}"},"query-input":"required name=search_term_string"}],"inLanguage":"zh-TW"}]}},"_links":{"self":[{"href":"https:\/\/rosstylepro.com\/zh\/wp-json\/wp\/v2\/pages\/71"}],"collection":[{"href":"https:\/\/rosstylepro.com\/zh\/wp-json\/wp\/v2\/pages"}],"about":[{"href":"https:\/\/rosstylepro.com\/zh\/wp-json\/wp\/v2\/types\/page"}],"author":[{"embeddable":true,"href":"https:\/\/rosstylepro.com\/zh\/wp-json\/wp\/v2\/users\/38"}],"replies":[{"embeddable":true,"href":"https:\/\/rosstylepro.com\/zh\/wp-json\/wp\/v2\/comments?post=71"}],"version-history":[{"count":1,"href":"https:\/\/rosstylepro.com\/zh\/wp-json\/wp\/v2\/pages\/71\/revisions"}],"predecessor-version":[{"id":1564,"href":"https:\/\/rosstylepro.com\/zh\/wp-json\/wp\/v2\/pages\/71\/revisions\/1564"}],"wp:attachment":[{"href":"https:\/\/rosstylepro.com\/zh\/wp-json\/wp\/v2\/media?parent=71"}],"curies":[{"name":"wp","href":"https:\/\/api.w.org\/{rel}","templated":true}]}}